{"id":2718,"date":"2019-06-07T02:12:35","date_gmt":"2019-06-07T02:12:35","guid":{"rendered":"https:\/\/asianslave.biz\/it\/?page_id=2718"},"modified":"2022-04-08T20:51:25","modified_gmt":"2022-04-08T10:51:25","slug":"home","status":"publish","type":"page","link":"https:\/\/asianslave.biz\/it\/","title":{"rendered":"A proposito di Asian Slave Club"},"content":{"rendered":"\t\t<div data-elementor-type=\"wp-post\" data-elementor-id=\"2718\" class=\"elementor elementor-2718\" data-elementor-post-type=\"page\">\n\t\t\t\t\t\t<section class=\"elementor-section elementor-top-section elementor-element elementor-element-bc303b0 elementor-section-boxed elementor-section-height-default elementor-section-height-default\" data-id=\"bc303b0\" data-element_type=\"section\" data-e-type=\"section\">\n\t\t\t\t\t\t<div class=\"elementor-container elementor-column-gap-default\">\n\t\t\t\t\t<div class=\"elementor-column elementor-col-100 elementor-top-column elementor-element elementor-element-ff1de56\" data-id=\"ff1de56\" data-element_type=\"column\" data-e-type=\"column\">\n\t\t\t<div class=\"elementor-widget-wrap elementor-element-populated\">\n\t\t\t\t\t\t<div class=\"elementor-element elementor-element-14e06aa elementor-widget elementor-widget-text-editor\" data-id=\"14e06aa\" data-element_type=\"widget\" data-e-type=\"widget\" data-widget_type=\"text-editor.default\">\n\t\t\t\t<div class=\"elementor-widget-container\">\n\t\t\t\t\t\t\t\t\t<p>Ci sono cos\u00ec tante sfumature nella vita quando si percorre il viaggio sessuale della vita. Una di queste sfumature sta nell&#8217;entrare nella cultura della sottomissione e del BDSM. \u00c8 una cultura ricca di nuove opportunit\u00e0, esperienze, sentimenti e piacere reciproco. Un gioco di ruolo sottomesso\/schiavo sessuale offre a Padroni, Mistress e Sottomessi un senso accresciuto nei piaceri reciproci che emergono.<\/p><p>Asian Slave Club, fondato nel 1973 come parte del Luxury Holidays Group, \u00e8 un servizio di incontri BDSM internazionale credibile e collaudato nel tempo. L&#8217;agenzia di escort ha un&#8217;alta reputazione nel presentare ragazze e coppie sottomesse di alta qualit\u00e0 come richiesto. Di conseguenza, continuano a essere stabilite e mantenute relazioni di lunga data con i clienti. In effetti, un certo numero di clienti ha incontrato il loro partner per tutta la vita attraverso l&#8217;agenzia.<\/p><p>Una sottomessa asiatica porta un&#8217;eleganza e una raffinatezza agli appuntamenti che miglioreranno il tempo trascorso insieme. Tale presenza deriva da secoli di cultura sottomessa e BDSM nei paesi dell&#8217;Asia orientale di Giappone, Cina e Corea. Di conseguenza nella societ\u00e0 odierna molte donne asiatiche vengono educate a essere tranquille, obbedienti, aggraziate e attente a soddisfare i bisogni di un uomo. Oggi, tali ruoli femminili e sottomessi continuano a diffondersi in altri paesi.<\/p><p>Il gioco sottomesso e BDSM pu\u00f2 includere schiavit\u00f9 e disciplina &#8211; legare e sculacciare &#8211; bendare gli occhi e umiliazione. Hai considerato una sottomessa inginocchiata nella tua camera da letto? Forse vorresti una domestica sottomessa per la tua famiglia? Forse, una segretaria sottomessa \/ schiava nel tuo ufficio per gestire tutte le tue esigenze? Ci sono molti sogni e ruoli che le nostre escort sono disposte a interpretare. Asian Slave Club ha un portafoglio di escort sottomesse da un numero crescente di paesi per soddisfare varie richieste. Ogni richiesta viene trattata con ponderata attenzione e interesse per garantire che sia un&#8217;esperienza preziosa. Molte escort sottomesse sono disponibili localmente e la maggior parte sono disposte a viaggiare in tutto il mondo per incontrare e godersi la compagnia dei nostri clienti altamente stimati. Sia che tu desideri avere una schiava sessuale (escort sottomessa) a casa, nel tuo hotel, sul tuo yacht, viaggiando con te per portarti romanticismo e piacere, abbiamo donne di qualit\u00e0 disponibili. Il nostro obiettivo \u00e8 sempre quello di fornire il massimo piacere reciproco nel soddisfare le fantasie del cliente. Contatta Asian Slave Club per discutere e rendere reali le tue fantasie!<\/p>\t\t\t\t\t\t\t\t<\/div>\n\t\t\t\t<\/div>\n\t\t\t\t\t<\/div>\n\t\t<\/div>\n\t\t\t\t\t<\/div>\n\t\t<\/section>\n\t\t\t\t<section class=\"elementor-section elementor-top-section elementor-element elementor-element-cc9180c elementor-section-boxed elementor-section-height-default elementor-section-height-default\" data-id=\"cc9180c\" data-element_type=\"section\" data-e-type=\"section\">\n\t\t\t\t\t\t<div class=\"elementor-container elementor-column-gap-default\">\n\t\t\t\t\t<div class=\"elementor-column elementor-col-100 elementor-top-column elementor-element elementor-element-3e63116\" data-id=\"3e63116\" data-element_type=\"column\" data-e-type=\"column\">\n\t\t\t<div class=\"elementor-widget-wrap elementor-element-populated\">\n\t\t\t\t\t\t<div class=\"elementor-element elementor-element-f26c0ed elementor-widget-divider--view-line elementor-widget elementor-widget-divider\" data-id=\"f26c0ed\" data-element_type=\"widget\" data-e-type=\"widget\" data-widget_type=\"divider.default\">\n\t\t\t\t<div class=\"elementor-widget-container\">\n\t\t\t\t\t\t\t<div class=\"elementor-divider\">\n\t\t\t<span class=\"elementor-divider-separator\">\n\t\t\t\t\t\t<\/span>\n\t\t<\/div>\n\t\t\t\t\t\t<\/div>\n\t\t\t\t<\/div>\n\t\t\t\t\t<\/div>\n\t\t<\/div>\n\t\t\t\t\t<\/div>\n\t\t<\/section>\n\t\t\t\t<section class=\"elementor-section elementor-top-section elementor-element elementor-element-d52cb81 elementor-section-boxed elementor-section-height-default elementor-section-height-default\" data-id=\"d52cb81\" data-element_type=\"section\" data-e-type=\"section\">\n\t\t\t\t\t\t<div class=\"elementor-container elementor-column-gap-default\">\n\t\t\t\t\t<div class=\"elementor-column elementor-col-100 elementor-top-column elementor-element elementor-element-b7aeef7\" data-id=\"b7aeef7\" data-element_type=\"column\" data-e-type=\"column\">\n\t\t\t<div class=\"elementor-widget-wrap elementor-element-populated\">\n\t\t\t\t\t\t<div class=\"elementor-element elementor-element-6e50297 elementor-widget elementor-widget-text-editor\" data-id=\"6e50297\" data-element_type=\"widget\" data-e-type=\"widget\" data-widget_type=\"text-editor.default\">\n\t\t\t\t<div class=\"elementor-widget-container\">\n\t\t\t\t\t\t\t\t\t<p>\u00c8 importante notare:<\/p><p>La forma di sottomissione BDSM \u00e8 un tipo di gioco di ruolo sessuale in cui un partner &#8211; il sottomesso &#8211; accetta di esibirsi su richiesta di un Master\/Mistress dominante. \u00c8 considerato un&#8217;espressione di Dominazione e Sottomissione. Una schiava sessuale in BDSM adotta e interpreta il ruolo di una schiava sessuale e in realt\u00e0 non \u00e8 di propriet\u00e0. Tale pratica di gioco di ruolo deve essere consensuale come approvato dalla comunit\u00e0 BDSM.<\/p>\t\t\t\t\t\t\t\t<\/div>\n\t\t\t\t<\/div>\n\t\t\t\t\t<\/div>\n\t\t<\/div>\n\t\t\t\t\t<\/div>\n\t\t<\/section>\n\t\t\t\t<section class=\"elementor-section elementor-top-section elementor-element elementor-element-4109ec8 elementor-section-boxed elementor-section-height-default elementor-section-height-default\" data-id=\"4109ec8\" data-element_type=\"section\" data-e-type=\"section\">\n\t\t\t\t\t\t<div class=\"elementor-container elementor-column-gap-default\">\n\t\t\t\t\t<div class=\"elementor-column elementor-col-100 elementor-top-column elementor-element elementor-element-9e2e5ca\" data-id=\"9e2e5ca\" data-element_type=\"column\" data-e-type=\"column\">\n\t\t\t<div class=\"elementor-widget-wrap elementor-element-populated\">\n\t\t\t\t\t\t<div class=\"elementor-element elementor-element-4452f0d elementor-widget-divider--view-line elementor-widget elementor-widget-divider\" data-id=\"4452f0d\" data-element_type=\"widget\" data-e-type=\"widget\" data-widget_type=\"divider.default\">\n\t\t\t\t<div class=\"elementor-widget-container\">\n\t\t\t\t\t\t\t<div class=\"elementor-divider\">\n\t\t\t<span class=\"elementor-divider-separator\">\n\t\t\t\t\t\t<\/span>\n\t\t<\/div>\n\t\t\t\t\t\t<\/div>\n\t\t\t\t<\/div>\n\t\t\t\t\t<\/div>\n\t\t<\/div>\n\t\t\t\t\t<\/div>\n\t\t<\/section>\n\t\t\t\t<section class=\"elementor-section elementor-top-section elementor-element elementor-element-ef7e25d elementor-section-boxed elementor-section-height-default elementor-section-height-default\" data-id=\"ef7e25d\" data-element_type=\"section\" data-e-type=\"section\">\n\t\t\t\t\t\t<div class=\"elementor-container elementor-column-gap-default\">\n\t\t\t\t\t<div class=\"elementor-column elementor-col-100 elementor-top-column elementor-element elementor-element-0b1030f\" data-id=\"0b1030f\" data-element_type=\"column\" data-e-type=\"column\">\n\t\t\t<div class=\"elementor-widget-wrap elementor-element-populated\">\n\t\t\t\t\t\t<div class=\"elementor-element elementor-element-a8f29f6 elementor-widget elementor-widget-spacer\" data-id=\"a8f29f6\" data-element_type=\"widget\" data-e-type=\"widget\" data-widget_type=\"spacer.default\">\n\t\t\t\t<div class=\"elementor-widget-container\">\n\t\t\t\t\t\t\t<div class=\"elementor-spacer\">\n\t\t\t<div class=\"elementor-spacer-inner\"><\/div>\n\t\t<\/div>\n\t\t\t\t\t\t<\/div>\n\t\t\t\t<\/div>\n\t\t\t\t\t<\/div>\n\t\t<\/div>\n\t\t\t\t\t<\/div>\n\t\t<\/section>\n\t\t\t\t<section class=\"elementor-section elementor-top-section elementor-element elementor-element-b57825f elementor-section-boxed elementor-section-height-default elementor-section-height-default\" data-id=\"b57825f\" data-element_type=\"section\" data-e-type=\"section\">\n\t\t\t\t\t\t<div class=\"elementor-container elementor-column-gap-default\">\n\t\t\t\t\t<div class=\"elementor-column elementor-col-100 elementor-top-column elementor-element elementor-element-e60bad5\" data-id=\"e60bad5\" data-element_type=\"column\" data-e-type=\"column\">\n\t\t\t<div class=\"elementor-widget-wrap elementor-element-populated\">\n\t\t\t\t\t\t<div class=\"elementor-element elementor-element-431777f elementor-widget elementor-widget-image\" data-id=\"431777f\" data-element_type=\"widget\" data-e-type=\"widget\" data-widget_type=\"image.default\">\n\t\t\t\t<div class=\"elementor-widget-container\">\n\t\t\t\t\t\t\t\t\t\t\t\t\t\t\t<img fetchpriority=\"high\" decoding=\"async\" width=\"476\" height=\"700\" src=\"https:\/\/asianslave.biz\/it\/wp-content\/uploads\/sites\/11\/2021\/01\/submissive-bdsm-escorts.jpg\" class=\"attachment-full size-full wp-image-14357\" alt=\"submissive, bdsm, escort\" srcset=\"https:\/\/asianslave.biz\/it\/wp-content\/uploads\/sites\/11\/2021\/01\/submissive-bdsm-escorts.jpg 476w, https:\/\/asianslave.biz\/it\/wp-content\/uploads\/sites\/11\/2021\/01\/submissive-bdsm-escorts-204x300.jpg 204w\" sizes=\"(max-width: 476px) 100vw, 476px\" \/>\t\t\t\t\t\t\t\t\t\t\t\t\t\t\t<\/div>\n\t\t\t\t<\/div>\n\t\t\t\t\t<\/div>\n\t\t<\/div>\n\t\t\t\t\t<\/div>\n\t\t<\/section>\n\t\t\t\t<section class=\"elementor-section elementor-top-section elementor-element elementor-element-05d1b3b elementor-section-boxed elementor-section-height-default elementor-section-height-default\" data-id=\"05d1b3b\" data-element_type=\"section\" data-e-type=\"section\">\n\t\t\t\t\t\t<div class=\"elementor-container elementor-column-gap-default\">\n\t\t\t\t\t<div class=\"elementor-column elementor-col-100 elementor-top-column elementor-element elementor-element-16dce89\" data-id=\"16dce89\" data-element_type=\"column\" data-e-type=\"column\">\n\t\t\t<div class=\"elementor-widget-wrap elementor-element-populated\">\n\t\t\t\t\t\t<div class=\"elementor-element elementor-element-ab08365 elementor-widget elementor-widget-spacer\" data-id=\"ab08365\" data-element_type=\"widget\" data-e-type=\"widget\" data-widget_type=\"spacer.default\">\n\t\t\t\t<div class=\"elementor-widget-container\">\n\t\t\t\t\t\t\t<div class=\"elementor-spacer\">\n\t\t\t<div class=\"elementor-spacer-inner\"><\/div>\n\t\t<\/div>\n\t\t\t\t\t\t<\/div>\n\t\t\t\t<\/div>\n\t\t\t\t\t<\/div>\n\t\t<\/div>\n\t\t\t\t\t<\/div>\n\t\t<\/section>\n\t\t\t\t<\/div>\n\t\t","protected":false},"excerpt":{"rendered":"<p>Ci sono cos\u00ec tante sfumature nella vita quando si percorre il viaggio sessuale della vita. Una di queste sfumature sta nell&#8217;entrare nella cultura della sottomissione e del BDSM. \u00c8 una cultura ricca di nuove opportunit\u00e0, esperienze, sentimenti e piacere reciproco. Un gioco<\/p>\n<p class=\"link-more\"><a class=\"myButt three\" href=\"https:\/\/asianslave.biz\/it\/\">Read More<\/a><\/p>\n","protected":false},"author":1,"featured_media":0,"parent":0,"menu_order":0,"comment_status":"closed","ping_status":"closed","template":"","meta":{"footnotes":""},"class_list":["post-2718","page","type-page","status-publish","hentry"],"_links":{"self":[{"href":"https:\/\/asianslave.biz\/it\/wp-json\/wp\/v2\/pages\/2718","targetHints":{"allow":["GET"]}}],"collection":[{"href":"https:\/\/asianslave.biz\/it\/wp-json\/wp\/v2\/pages"}],"about":[{"href":"https:\/\/asianslave.biz\/it\/wp-json\/wp\/v2\/types\/page"}],"author":[{"embeddable":true,"href":"https:\/\/asianslave.biz\/it\/wp-json\/wp\/v2\/users\/1"}],"replies":[{"embeddable":true,"href":"https:\/\/asianslave.biz\/it\/wp-json\/wp\/v2\/comments?post=2718"}],"version-history":[{"count":235,"href":"https:\/\/asianslave.biz\/it\/wp-json\/wp\/v2\/pages\/2718\/revisions"}],"predecessor-version":[{"id":17946,"href":"https:\/\/asianslave.biz\/it\/wp-json\/wp\/v2\/pages\/2718\/revisions\/17946"}],"wp:attachment":[{"href":"https:\/\/asianslave.biz\/it\/wp-json\/wp\/v2\/media?parent=2718"}],"curies":[{"name":"wp","href":"https:\/\/api.w.org\/{rel}","templated":true}]}}