{"id":4693,"date":"2019-07-09T22:19:56","date_gmt":"2019-07-09T12:19:56","guid":{"rendered":"https:\/\/asianslave.biz\/f\/?page_id=4693"},"modified":"2026-01-01T21:07:03","modified_gmt":"2026-01-01T10:07:03","slug":"submissive-escort-job","status":"publish","type":"page","link":"https:\/\/asianslave.biz\/f\/submissive-escort-job\/","title":{"rendered":"Emploi d&#8217;escorte soumise"},"content":{"rendered":"\t\t<div data-elementor-type=\"wp-post\" data-elementor-id=\"4693\" class=\"elementor elementor-4693\" data-elementor-post-type=\"page\">\n\t\t\t\t\t\t<section class=\"elementor-section elementor-top-section elementor-element elementor-element-5a4e681 elementor-section-boxed elementor-section-height-default elementor-section-height-default\" data-id=\"5a4e681\" data-element_type=\"section\" data-e-type=\"section\">\n\t\t\t\t\t\t<div class=\"elementor-container elementor-column-gap-default\">\n\t\t\t\t\t<div class=\"elementor-column elementor-col-100 elementor-top-column elementor-element elementor-element-f476c60\" data-id=\"f476c60\" data-element_type=\"column\" data-e-type=\"column\">\n\t\t\t<div class=\"elementor-widget-wrap elementor-element-populated\">\n\t\t\t\t\t\t<div class=\"elementor-element elementor-element-f5b10a0 elementor-widget elementor-widget-theme-post-featured-image elementor-widget-image\" data-id=\"f5b10a0\" data-element_type=\"widget\" data-e-type=\"widget\" data-widget_type=\"theme-post-featured-image.default\">\n\t\t\t\t<div class=\"elementor-widget-container\">\n\t\t\t\t\t\t\t\t\t\t\t\t\t\t\t<img fetchpriority=\"high\" decoding=\"async\" width=\"640\" height=\"457\" src=\"https:\/\/asianslave.biz\/f\/wp-content\/uploads\/sites\/9\/2021\/01\/Escort-Job-employ.jpg\" class=\"attachment-large size-large wp-image-14340\" alt=\"Escort, Job, employ, apply\" srcset=\"https:\/\/asianslave.biz\/f\/wp-content\/uploads\/sites\/9\/2021\/01\/Escort-Job-employ.jpg 700w, https:\/\/asianslave.biz\/f\/wp-content\/uploads\/sites\/9\/2021\/01\/Escort-Job-employ-300x214.jpg 300w\" sizes=\"(max-width: 640px) 100vw, 640px\" \/>\t\t\t\t\t\t\t\t\t\t\t\t\t\t\t<\/div>\n\t\t\t\t<\/div>\n\t\t\t\t\t<\/div>\n\t\t<\/div>\n\t\t\t\t\t<\/div>\n\t\t<\/section>\n\t\t\t\t<section class=\"elementor-section elementor-top-section elementor-element elementor-element-1892509f elementor-section-boxed elementor-section-height-default elementor-section-height-default\" data-id=\"1892509f\" data-element_type=\"section\" data-e-type=\"section\">\n\t\t\t\t\t\t<div class=\"elementor-container elementor-column-gap-default\">\n\t\t\t\t\t<div class=\"elementor-column elementor-col-100 elementor-top-column elementor-element elementor-element-371821e\" data-id=\"371821e\" data-element_type=\"column\" data-e-type=\"column\">\n\t\t\t<div class=\"elementor-widget-wrap elementor-element-populated\">\n\t\t\t\t\t\t<div class=\"elementor-element elementor-element-5c921b98 elementor-widget elementor-widget-text-editor\" data-id=\"5c921b98\" data-element_type=\"widget\" data-e-type=\"widget\" data-widget_type=\"text-editor.default\">\n\t\t\t\t<div class=\"elementor-widget-container\">\n\t\t\t\t\t\t\t\t\t<table width=\"983\"><tbody><tr><td width=\"977\"><p>Des soumises de toutes nationalit\u00e9s sont recherch\u00e9es par cette agence haut de gamme internationale. Les \u00e9tudiantes, actrices, mannequins, danseuses et employ\u00e9es de bureau sont les bienvenues. Aucunes professionnelles du sexe.<\/p><p>Merci de remplir le formulaire de demande et t\u00e9l\u00e9charger au moins 10 photos (votre demande ne sera pas trait\u00e9e si vous ne fournissez pas vos photos).<\/p><\/td><\/tr><\/tbody><\/table>\t\t\t\t\t\t\t\t<\/div>\n\t\t\t\t<\/div>\n\t\t\t\t\t<\/div>\n\t\t<\/div>\n\t\t\t\t\t<\/div>\n\t\t<\/section>\n\t\t\t\t<section class=\"elementor-section elementor-top-section elementor-element elementor-element-ab4811d elementor-section-boxed elementor-section-height-default elementor-section-height-default\" data-id=\"ab4811d\" data-element_type=\"section\" data-e-type=\"section\">\n\t\t\t\t\t\t<div class=\"elementor-container elementor-column-gap-default\">\n\t\t\t\t\t<div class=\"elementor-column elementor-col-100 elementor-top-column elementor-element elementor-element-9960a08\" data-id=\"9960a08\" data-element_type=\"column\" data-e-type=\"column\">\n\t\t\t<div class=\"elementor-widget-wrap elementor-element-populated\">\n\t\t\t\t\t\t<div class=\"elementor-element elementor-element-cd8a8df elementor-widget elementor-widget-spacer\" data-id=\"cd8a8df\" data-element_type=\"widget\" data-e-type=\"widget\" data-widget_type=\"spacer.default\">\n\t\t\t\t<div class=\"elementor-widget-container\">\n\t\t\t\t\t\t\t<div class=\"elementor-spacer\">\n\t\t\t<div class=\"elementor-spacer-inner\"><\/div>\n\t\t<\/div>\n\t\t\t\t\t\t<\/div>\n\t\t\t\t<\/div>\n\t\t\t\t\t<\/div>\n\t\t<\/div>\n\t\t\t\t\t<\/div>\n\t\t<\/section>\n\t\t\t\t<section class=\"elementor-section elementor-top-section elementor-element elementor-element-6fc818a elementor-section-boxed elementor-section-height-default elementor-section-height-default\" data-id=\"6fc818a\" data-element_type=\"section\" data-e-type=\"section\" data-settings=\"{&quot;background_background&quot;:&quot;classic&quot;}\">\n\t\t\t\t\t\t\t<div class=\"elementor-background-overlay\"><\/div>\n\t\t\t\t\t\t\t<div class=\"elementor-container elementor-column-gap-default\">\n\t\t\t\t\t<div class=\"elementor-column elementor-col-100 elementor-top-column elementor-element elementor-element-6a46fd7\" data-id=\"6a46fd7\" data-element_type=\"column\" data-e-type=\"column\">\n\t\t\t<div class=\"elementor-widget-wrap elementor-element-populated\">\n\t\t\t\t\t\t<div class=\"elementor-element elementor-element-da069dc elementor-widget elementor-widget-heading\" data-id=\"da069dc\" data-element_type=\"widget\" data-e-type=\"widget\" data-widget_type=\"heading.default\">\n\t\t\t\t<div class=\"elementor-widget-container\">\n\t\t\t\t\t<h2 class=\"elementor-heading-title elementor-size-default\">Formulaire de demande (anglaise)<\/h2>\t\t\t\t<\/div>\n\t\t\t\t<\/div>\n\t\t\t\t\t<\/div>\n\t\t<\/div>\n\t\t\t\t\t<\/div>\n\t\t<\/section>\n\t\t\t\t<section class=\"elementor-section elementor-top-section elementor-element elementor-element-0048a7d elementor-section-boxed elementor-section-height-default elementor-section-height-default\" data-id=\"0048a7d\" data-element_type=\"section\" data-e-type=\"section\">\n\t\t\t\t\t\t\t<div class=\"elementor-background-overlay\"><\/div>\n\t\t\t\t\t\t\t<div class=\"elementor-container elementor-column-gap-default\">\n\t\t\t\t\t<div class=\"elementor-column elementor-col-100 elementor-top-column elementor-element elementor-element-57aae8e\" data-id=\"57aae8e\" data-element_type=\"column\" data-e-type=\"column\">\n\t\t\t<div class=\"elementor-widget-wrap elementor-element-populated\">\n\t\t\t\t\t\t<div class=\"elementor-element elementor-element-1b1fe12 elementor-widget elementor-widget-text-editor\" data-id=\"1b1fe12\" data-element_type=\"widget\" data-e-type=\"widget\" data-widget_type=\"text-editor.default\">\n\t\t\t\t<div class=\"elementor-widget-container\">\n\t\t\t\t\t\t\t\t\t<p>Veuillez noter:<\/p><p>\u2013 Si vous utilisez le service de messagerie Hotmail, Outlook ou WEB.DE, vous ne pouvez pas recevoir notre r\u00e9ponse car ils filtreront nos e-mails.<\/p><p>\u2013 Si vous ne recevez aucune r\u00e9ponse dans les 48 heures, veuillez v\u00e9rifier vos dossiers \u201cCourrier ind\u00e9sirable\u201d ou nous appeler pendant les heures ouvrables.<\/p>\t\t\t\t\t\t\t\t<\/div>\n\t\t\t\t<\/div>\n\t\t\t\t\t<\/div>\n\t\t<\/div>\n\t\t\t\t\t<\/div>\n\t\t<\/section>\n\t\t\t\t<section class=\"elementor-section elementor-top-section elementor-element elementor-element-5834a7b6 elementor-section-boxed elementor-section-height-default elementor-section-height-default\" data-id=\"5834a7b6\" data-element_type=\"section\" data-e-type=\"section\" data-settings=\"{&quot;background_background&quot;:&quot;classic&quot;}\">\n\t\t\t\t\t\t\t<div class=\"elementor-background-overlay\"><\/div>\n\t\t\t\t\t\t\t<div class=\"elementor-container elementor-column-gap-default\">\n\t\t\t\t\t<div class=\"elementor-column elementor-col-100 elementor-top-column elementor-element elementor-element-37110d26\" data-id=\"37110d26\" data-element_type=\"column\" data-e-type=\"column\">\n\t\t\t<div class=\"elementor-widget-wrap elementor-element-populated\">\n\t\t\t\t\t\t<div class=\"elementor-element elementor-element-1c10a5be elementor-widget elementor-widget-text-editor\" data-id=\"1c10a5be\" data-element_type=\"widget\" data-e-type=\"widget\" data-widget_type=\"text-editor.default\">\n\t\t\t\t<div class=\"elementor-widget-container\">\n\t\t\t\t\t\t\t\t\t<div class=\"wpforms-container wpforms-container-full\" id=\"wpforms-3419\"><form id=\"wpforms-form-3419\" class=\"wpforms-validate wpforms-form\" data-formid=\"3419\" method=\"post\" enctype=\"multipart\/form-data\" action=\"\/f\/wp-json\/wp\/v2\/pages\/4693?wpforms_form_id=3419\" data-token=\"4d5a86b21a788460d461f741f4ba56d0\" data-token-time=\"1777341323\"><noscript class=\"wpforms-error-noscript\">Veuillez activer JavaScript dans votre navigateur pour remplir ce formulaire.<\/noscript><div class=\"wpforms-field-container\"><div id=\"wpforms-3419-field_0-container\" class=\"wpforms-field wpforms-field-name\" data-field-id=\"0\"><label class=\"wpforms-field-label\" for=\"wpforms-3419-field_0\">Name <span class=\"wpforms-required-label\">*<\/span><\/label><input type=\"text\" id=\"wpforms-3419-field_0\" class=\"wpforms-field-medium wpforms-field-required\" name=\"wpforms[fields][0]\" required><\/div><div id=\"wpforms-3419-field_3-container\" class=\"wpforms-field wpforms-field-text\" data-field-id=\"3\"><label class=\"wpforms-field-label\" for=\"wpforms-3419-field_3\">Contact Number <span class=\"wpforms-required-label\">*<\/span><\/label><input type=\"text\" id=\"wpforms-3419-field_3\" class=\"wpforms-field-medium wpforms-field-required\" name=\"wpforms[fields][3]\" required><div class=\"wpforms-field-description\">We will ring this number before replying your application.<\/div><\/div><div id=\"wpforms-3419-field_24-container\" class=\"wpforms-field wpforms-field-text\" data-field-id=\"24\"><label class=\"wpforms-field-label\" for=\"wpforms-3419-field_24\">When is a good time to call you? <span class=\"wpforms-required-label\">*<\/span><\/label><input type=\"text\" id=\"wpforms-3419-field_24\" class=\"wpforms-field-medium wpforms-field-required\" name=\"wpforms[fields][24]\" required><\/div><div id=\"wpforms-3419-field_1-container\" class=\"wpforms-field wpforms-field-email\" data-field-id=\"1\"><label class=\"wpforms-field-label\" for=\"wpforms-3419-field_1\">Email <span class=\"wpforms-required-label\">*<\/span><\/label><input type=\"email\" id=\"wpforms-3419-field_1\" class=\"wpforms-field-medium wpforms-field-required\" name=\"wpforms[fields][1]\" spellcheck=\"false\" required><div class=\"wpforms-field-description\">(please don&#8217;t use Hotmail, Outlook or WEB.DE &#8211; E-Mail. Sometimes they will use automatic \u201csmart\u201d filters on our mail.)<\/div><\/div><div id=\"wpforms-3419-field_5-container\" class=\"wpforms-field wpforms-field-text\" data-field-id=\"5\"><label class=\"wpforms-field-label\" for=\"wpforms-3419-field_5\">Age<\/label><input type=\"text\" id=\"wpforms-3419-field_5\" class=\"wpforms-field-medium\" name=\"wpforms[fields][5]\" ><\/div><div id=\"wpforms-3419-field_6-container\" class=\"wpforms-field wpforms-field-text\" data-field-id=\"6\"><label class=\"wpforms-field-label\" for=\"wpforms-3419-field_6\">Height<\/label><input type=\"text\" id=\"wpforms-3419-field_6\" class=\"wpforms-field-medium\" name=\"wpforms[fields][6]\" ><\/div><div id=\"wpforms-3419-field_7-container\" class=\"wpforms-field wpforms-field-text\" data-field-id=\"7\"><label class=\"wpforms-field-label\" for=\"wpforms-3419-field_7\">Weight<\/label><input type=\"text\" id=\"wpforms-3419-field_7\" class=\"wpforms-field-medium\" name=\"wpforms[fields][7]\" ><\/div><div id=\"wpforms-3419-field_8-container\" class=\"wpforms-field wpforms-field-text\" data-field-id=\"8\"><label class=\"wpforms-field-label\" for=\"wpforms-3419-field_8\">Occupation<\/label><input type=\"text\" id=\"wpforms-3419-field_8\" class=\"wpforms-field-medium\" name=\"wpforms[fields][8]\" ><\/div><div id=\"wpforms-3419-field_9-container\" class=\"wpforms-field wpforms-field-text\" data-field-id=\"9\"><label class=\"wpforms-field-label\" for=\"wpforms-3419-field_9\">Your location  <span class=\"wpforms-required-label\">*<\/span><\/label><input type=\"text\" id=\"wpforms-3419-field_9\" class=\"wpforms-field-medium wpforms-field-required\" name=\"wpforms[fields][9]\" placeholder=\"(country, city)\" required><\/div><div id=\"wpforms-3419-field_4-container\" class=\"wpforms-field wpforms-field-select wpforms-field-select-style-classic\" data-field-id=\"4\"><label class=\"wpforms-field-label\" for=\"wpforms-3419-field_4\">Ethnicity <span class=\"wpforms-required-label\">*<\/span><\/label><select id=\"wpforms-3419-field_4\" class=\"wpforms-field-medium wpforms-field-required\" name=\"wpforms[fields][4]\" required=\"required\"><option value=\"Choose your Ethnicity\"  class=\"choice-5 depth-1\"  >Choose your Ethnicity<\/option><option value=\"Asian\"  class=\"choice-1 depth-1\"  >Asian<\/option><option value=\"White\"  class=\"choice-2 depth-1\"  >White<\/option><option value=\"Black\"  class=\"choice-3 depth-1\"  >Black<\/option><option value=\"Others\"  class=\"choice-4 depth-1\"  >Others<\/option><\/select><\/div><div id=\"wpforms-3419-field_10-container\" class=\"wpforms-field wpforms-field-text\" data-field-id=\"10\"><label class=\"wpforms-field-label\" for=\"wpforms-3419-field_10\">Nationality (passport)<\/label><input type=\"text\" id=\"wpforms-3419-field_10\" class=\"wpforms-field-medium\" name=\"wpforms[fields][10]\" ><\/div><div id=\"wpforms-3419-field_12-container\" class=\"wpforms-field wpforms-field-select wpforms-field-select-style-classic\" data-field-id=\"12\"><label class=\"wpforms-field-label\" for=\"wpforms-3419-field_12\">English Proficiency<\/label><select id=\"wpforms-3419-field_12\" class=\"wpforms-field-medium\" name=\"wpforms[fields][12]\"><option value=\"Choose your English Proficiency\"  class=\"choice-1 depth-1\"  >Choose your English Proficiency<\/option><option value=\"None or very little\"  class=\"choice-2 depth-1\"  >None or very little<\/option><option value=\"Basic\"  class=\"choice-3 depth-1\"  >Basic<\/option><option value=\"General Use\"  class=\"choice-4 depth-1\"  >General Use<\/option><option value=\"Fluent\"  class=\"choice-5 depth-1\"  >Fluent<\/option><option value=\"Mother Tongue or no accent\"  class=\"choice-6 depth-1\"  >Mother Tongue or no accent<\/option><\/select><\/div><div id=\"wpforms-3419-field_2-container\" class=\"wpforms-field wpforms-field-textarea\" data-field-id=\"2\"><label class=\"wpforms-field-label\" for=\"wpforms-3419-field_2\">About yourself <span class=\"wpforms-required-label\">*<\/span><\/label><textarea id=\"wpforms-3419-field_2\" class=\"wpforms-field-medium wpforms-field-required\" name=\"wpforms[fields][2]\" required><\/textarea><\/div><div id=\"wpforms-3419-field_13-container\" class=\"wpforms-field wpforms-field-file-upload\" data-field-id=\"13\"><label class=\"wpforms-field-label\" for=\"wpforms-3419-field_13\">Upload your photos \/ videos <span class=\"wpforms-required-label\">*<\/span><\/label><div\n\t\tclass=\"wpforms-uploader wpforms-field-required\"\n\t\tdata-field-id=\"13\"\n\t\tdata-form-id=\"3419\"\n\t\tdata-input-name=\"wpforms_3419_13\"\n\t\tdata-extensions=\"jpg,jpeg,png\"\n\t\tdata-max-size=\"2097152\"\n\t\tdata-max-file-number=\"20\"\n\t\tdata-post-max-size=\"536870912\"\n\t\tdata-max-parallel-uploads=\"4\"\n\t\tdata-parallel-uploads=\"true\"\n\t\tdata-file-chunk-size=\"2097152\">\n\t<div class=\"dz-message\">\n\t\t<svg  viewBox=\"0 0 640 640\" focusable=\"false\" data-icon=\"inbox\" width=\"50px\" height=\"50px\" fill=\"currentColor\" aria-hidden=\"true\">\n\t\t\t<path d=\"M352 173.3L352 384C352 401.7 337.7 416 320 416C302.3 416 288 401.7 288 384L288 173.3L246.6 214.7C234.1 227.2 213.8 227.2 201.3 214.7C188.8 202.2 188.8 181.9 201.3 169.4L297.3 73.4C309.8 60.9 330.1 60.9 342.6 73.4L438.6 169.4C451.1 181.9 451.1 202.2 438.6 214.7C426.1 227.2 405.8 227.2 393.3 214.7L352 173.3zM320 464C364.2 464 400 428.2 400 384L480 384C515.3 384 544 412.7 544 448L544 480C544 515.3 515.3 544 480 544L160 544C124.7 544 96 515.3 96 480L96 448C96 412.7 124.7 384 160 384L240 384C240 428.2 275.8 464 320 464zM464 488C477.3 488 488 477.3 488 464C488 450.7 477.3 440 464 440C450.7 440 440 450.7 440 464C440 477.3 450.7 488 464 488z\"\/>\n\t\t<\/svg>\n\n\t\t<span class=\"modern-title\">\n\t\t\t\t\t\t\tDrag &amp; Drop Files, \t\t\t\t<span>Choose Files to Upload<\/span>\n\t\t\t\t\t<\/span>\n\n\t\t\t\t\t<span class=\"modern-hint\">Vous pouvez t\u00e9l\u00e9verser jusqu\u2019\u00e0 20 fichiers.<\/span>\n\t\t\t<\/div>\n<\/div>\n\n<input\n\t\ttype=\"text\"\n\t\tautocomplete=\"off\"\n\t\treadonly\n\t\tclass=\"dropzone-input\"\n\t\tstyle=\"position:absolute!important;clip:rect(0,0,0,0)!important;height:1px!important;width:1px!important;border:0!important;overflow:hidden!important;padding:0!important;margin:0!important;\"\n\t\tid=\"wpforms-3419-field_13\"\n\t\tname=\"wpforms_3419_13\" required\t\tvalue=\"\">\n<div class=\"wpforms-field-description\">(at least 5 photos)<\/div><\/div><\/div><!-- .wpforms-field-container --><div class=\"wpforms-field wpforms-field-hp\"><label for=\"wpforms-3419-field-hp\" class=\"wpforms-field-label\">Message<\/label><input type=\"text\" name=\"wpforms[hp]\" id=\"wpforms-3419-field-hp\" class=\"wpforms-field-medium\"><\/div><div class=\"wpforms-recaptcha-container wpforms-is-hcaptcha\" ><div class=\"h-captcha\" data-sitekey=\"ec724c9e-7b07-44c6-9a49-1d424214693c\"><\/div><input type=\"text\" name=\"g-recaptcha-hidden\" class=\"wpforms-recaptcha-hidden\" style=\"position:absolute!important;clip:rect(0,0,0,0)!important;height:1px!important;width:1px!important;border:0!important;overflow:hidden!important;padding:0!important;margin:0!important;\" data-rule-hcaptcha=\"1\"><\/div><div class=\"wpforms-submit-container\" ><input type=\"hidden\" name=\"wpforms[id]\" value=\"3419\"><input type=\"hidden\" name=\"page_title\" value=\"\"><input type=\"hidden\" name=\"page_url\" value=\"https:\/\/asianslave.biz\/f\/wp-json\/wp\/v2\/pages\/4693\"><input type=\"hidden\" name=\"url_referer\" value=\"\"><button type=\"submit\" name=\"wpforms[submit]\" id=\"wpforms-submit-3419\" class=\"wpforms-submit\" data-alt-text=\"Sending...\" data-submit-text=\"Submit\" aria-live=\"assertive\" value=\"wpforms-submit\">Submit<\/button><\/div><\/form><\/div>  <!-- .wpforms-container -->\t\t\t\t\t\t\t\t<\/div>\n\t\t\t\t<\/div>\n\t\t\t\t\t<\/div>\n\t\t<\/div>\n\t\t\t\t\t<\/div>\n\t\t<\/section>\n\t\t\t\t<section class=\"elementor-section elementor-top-section elementor-element elementor-element-1d67b46 elementor-section-boxed elementor-section-height-default elementor-section-height-default\" data-id=\"1d67b46\" data-element_type=\"section\" data-e-type=\"section\">\n\t\t\t\t\t\t<div class=\"elementor-container elementor-column-gap-default\">\n\t\t\t\t\t<div class=\"elementor-column elementor-col-100 elementor-top-column elementor-element elementor-element-51a6dd7\" data-id=\"51a6dd7\" data-element_type=\"column\" data-e-type=\"column\">\n\t\t\t<div class=\"elementor-widget-wrap elementor-element-populated\">\n\t\t\t\t\t\t<div class=\"elementor-element elementor-element-d8e4f72 elementor-widget elementor-widget-spacer\" data-id=\"d8e4f72\" data-element_type=\"widget\" data-e-type=\"widget\" data-widget_type=\"spacer.default\">\n\t\t\t\t<div class=\"elementor-widget-container\">\n\t\t\t\t\t\t\t<div class=\"elementor-spacer\">\n\t\t\t<div class=\"elementor-spacer-inner\"><\/div>\n\t\t<\/div>\n\t\t\t\t\t\t<\/div>\n\t\t\t\t<\/div>\n\t\t\t\t\t<\/div>\n\t\t<\/div>\n\t\t\t\t\t<\/div>\n\t\t<\/section>\n\t\t\t\t<section class=\"elementor-section elementor-top-section elementor-element elementor-element-c268f31 elementor-section-boxed elementor-section-height-default elementor-section-height-default\" data-id=\"c268f31\" data-element_type=\"section\" data-e-type=\"section\">\n\t\t\t\t\t\t<div class=\"elementor-container elementor-column-gap-default\">\n\t\t\t\t\t<div class=\"elementor-column elementor-col-100 elementor-top-column elementor-element elementor-element-e6c227a\" data-id=\"e6c227a\" data-element_type=\"column\" data-e-type=\"column\">\n\t\t\t<div class=\"elementor-widget-wrap elementor-element-populated\">\n\t\t\t\t\t\t<div class=\"elementor-element elementor-element-ceef9fd elementor-widget elementor-widget-image\" data-id=\"ceef9fd\" data-element_type=\"widget\" data-e-type=\"widget\" data-widget_type=\"image.default\">\n\t\t\t\t<div class=\"elementor-widget-container\">\n\t\t\t\t\t\t\t\t\t\t\t\t\t\t\t<img decoding=\"async\" width=\"375\" height=\"500\" src=\"https:\/\/asianslave.biz\/f\/wp-content\/uploads\/sites\/9\/2021\/01\/bdsm-job.jpg\" class=\"attachment-full size-full wp-image-14335\" alt=\"bdsm, job, escort, employ\" srcset=\"https:\/\/asianslave.biz\/f\/wp-content\/uploads\/sites\/9\/2021\/01\/bdsm-job.jpg 375w, https:\/\/asianslave.biz\/f\/wp-content\/uploads\/sites\/9\/2021\/01\/bdsm-job-225x300.jpg 225w\" sizes=\"(max-width: 375px) 100vw, 375px\" \/>\t\t\t\t\t\t\t\t\t\t\t\t\t\t\t<\/div>\n\t\t\t\t<\/div>\n\t\t\t\t\t<\/div>\n\t\t<\/div>\n\t\t\t\t\t<\/div>\n\t\t<\/section>\n\t\t\t\t<section class=\"elementor-section elementor-top-section elementor-element elementor-element-625dc3d elementor-section-boxed elementor-section-height-default elementor-section-height-default\" data-id=\"625dc3d\" data-element_type=\"section\" data-e-type=\"section\">\n\t\t\t\t\t\t<div class=\"elementor-container elementor-column-gap-default\">\n\t\t\t\t\t<div class=\"elementor-column elementor-col-100 elementor-top-column elementor-element elementor-element-b9beea0\" data-id=\"b9beea0\" data-element_type=\"column\" data-e-type=\"column\">\n\t\t\t<div class=\"elementor-widget-wrap elementor-element-populated\">\n\t\t\t\t\t\t<div class=\"elementor-element elementor-element-d719741 elementor-widget elementor-widget-spacer\" data-id=\"d719741\" data-element_type=\"widget\" data-e-type=\"widget\" data-widget_type=\"spacer.default\">\n\t\t\t\t<div class=\"elementor-widget-container\">\n\t\t\t\t\t\t\t<div class=\"elementor-spacer\">\n\t\t\t<div class=\"elementor-spacer-inner\"><\/div>\n\t\t<\/div>\n\t\t\t\t\t\t<\/div>\n\t\t\t\t<\/div>\n\t\t\t\t\t<\/div>\n\t\t<\/div>\n\t\t\t\t\t<\/div>\n\t\t<\/section>\n\t\t\t\t<\/div>\n\t\t","protected":false},"excerpt":{"rendered":"<p>Des soumises de toutes nationalit\u00e9s sont recherch\u00e9es par cette agence haut de gamme internationale. Les \u00e9tudiantes, actrices, mannequins, danseuses et employ\u00e9es de bureau sont les bienvenues. Aucunes professionnelles du sexe. Merci de remplir le formulaire de demande et t\u00e9l\u00e9charger au moins 10<\/p>\n<p class=\"link-more\"><a class=\"myButt three\" href=\"https:\/\/asianslave.biz\/f\/submissive-escort-job\/\">Read More<\/a><\/p>\n","protected":false},"author":1,"featured_media":14340,"parent":0,"menu_order":0,"comment_status":"closed","ping_status":"closed","template":"","meta":{"footnotes":""},"class_list":["post-4693","page","type-page","status-publish","has-post-thumbnail","hentry"],"_links":{"self":[{"href":"https:\/\/asianslave.biz\/f\/wp-json\/wp\/v2\/pages\/4693","targetHints":{"allow":["GET"]}}],"collection":[{"href":"https:\/\/asianslave.biz\/f\/wp-json\/wp\/v2\/pages"}],"about":[{"href":"https:\/\/asianslave.biz\/f\/wp-json\/wp\/v2\/types\/page"}],"author":[{"embeddable":true,"href":"https:\/\/asianslave.biz\/f\/wp-json\/wp\/v2\/users\/1"}],"replies":[{"embeddable":true,"href":"https:\/\/asianslave.biz\/f\/wp-json\/wp\/v2\/comments?post=4693"}],"version-history":[{"count":81,"href":"https:\/\/asianslave.biz\/f\/wp-json\/wp\/v2\/pages\/4693\/revisions"}],"predecessor-version":[{"id":18185,"href":"https:\/\/asianslave.biz\/f\/wp-json\/wp\/v2\/pages\/4693\/revisions\/18185"}],"wp:featuredmedia":[{"embeddable":true,"href":"https:\/\/asianslave.biz\/f\/wp-json\/wp\/v2\/media\/14340"}],"wp:attachment":[{"href":"https:\/\/asianslave.biz\/f\/wp-json\/wp\/v2\/media?parent=4693"}],"curies":[{"name":"wp","href":"https:\/\/api.w.org\/{rel}","templated":true}]}}