{"id":3480,"date":"2019-06-21T03:18:10","date_gmt":"2019-06-21T03:18:10","guid":{"rendered":"https:\/\/asianslave.biz\/f\/?page_id=3480"},"modified":"2026-01-01T21:10:59","modified_gmt":"2026-01-01T10:10:59","slug":"booking","status":"publish","type":"page","link":"https:\/\/asianslave.biz\/f\/booking\/","title":{"rendered":"Nous contacter"},"content":{"rendered":"\t\t<div data-elementor-type=\"wp-post\" data-elementor-id=\"3480\" class=\"elementor elementor-3480\" data-elementor-post-type=\"page\">\n\t\t\t\t\t\t<section class=\"elementor-section elementor-top-section elementor-element elementor-element-a971951 elementor-section-boxed elementor-section-height-default elementor-section-height-default\" data-id=\"a971951\" data-element_type=\"section\" data-e-type=\"section\">\n\t\t\t\t\t\t<div class=\"elementor-container elementor-column-gap-default\">\n\t\t\t\t\t<div class=\"elementor-column elementor-col-100 elementor-top-column elementor-element elementor-element-0c56301\" data-id=\"0c56301\" data-element_type=\"column\" data-e-type=\"column\">\n\t\t\t<div class=\"elementor-widget-wrap elementor-element-populated\">\n\t\t\t\t\t\t<div class=\"elementor-element elementor-element-c129a34 elementor-widget elementor-widget-theme-post-featured-image elementor-widget-image\" data-id=\"c129a34\" data-element_type=\"widget\" data-e-type=\"widget\" data-widget_type=\"theme-post-featured-image.default\">\n\t\t\t\t<div class=\"elementor-widget-container\">\n\t\t\t\t\t\t\t\t\t\t\t\t\t\t\t<img fetchpriority=\"high\" decoding=\"async\" width=\"640\" height=\"411\" src=\"https:\/\/asianslave.biz\/f\/wp-content\/uploads\/sites\/9\/2021\/01\/Sex-Slave-BDSM-Escort-Booking.jpg\" class=\"attachment-large size-large wp-image-14038\" alt=\"Nous contacter\" srcset=\"https:\/\/asianslave.biz\/f\/wp-content\/uploads\/sites\/9\/2021\/01\/Sex-Slave-BDSM-Escort-Booking.jpg 800w, https:\/\/asianslave.biz\/f\/wp-content\/uploads\/sites\/9\/2021\/01\/Sex-Slave-BDSM-Escort-Booking-300x193.jpg 300w, https:\/\/asianslave.biz\/f\/wp-content\/uploads\/sites\/9\/2021\/01\/Sex-Slave-BDSM-Escort-Booking-768x493.jpg 768w\" sizes=\"(max-width: 640px) 100vw, 640px\" \/>\t\t\t\t\t\t\t\t\t\t\t\t\t\t\t<\/div>\n\t\t\t\t<\/div>\n\t\t\t\t\t<\/div>\n\t\t<\/div>\n\t\t\t\t\t<\/div>\n\t\t<\/section>\n\t\t\t\t<section class=\"elementor-section elementor-top-section elementor-element elementor-element-00e51ff elementor-section-boxed elementor-section-height-default elementor-section-height-default\" data-id=\"00e51ff\" data-element_type=\"section\" data-e-type=\"section\">\n\t\t\t\t\t\t<div class=\"elementor-container elementor-column-gap-default\">\n\t\t\t\t\t<div class=\"elementor-column elementor-col-100 elementor-top-column elementor-element elementor-element-4efbbb7\" data-id=\"4efbbb7\" data-element_type=\"column\" data-e-type=\"column\">\n\t\t\t<div class=\"elementor-widget-wrap elementor-element-populated\">\n\t\t\t\t\t\t<div class=\"elementor-element elementor-element-6e6e7bf elementor-widget elementor-widget-text-editor\" data-id=\"6e6e7bf\" data-element_type=\"widget\" data-e-type=\"widget\" data-widget_type=\"text-editor.default\">\n\t\t\t\t<div class=\"elementor-widget-container\">\n\t\t\t\t\t\t\t\t\t<p>Bienvenue pour contacter Asian Slave Club et r\u00e9server nos esclaves sexuelles (escortes soumises\/BDSM).<\/p><p>Notre service convient aux ma\u00eetres qui recherchent des amants soumis \u00e0 long terme. Un ma\u00eetre peut essayer de sortir avec un esclave pendant un ou deux jours. Si les deux se sentent bien, ils peuvent commencer une relation \u00e0 long terme entre Sugar Daddy et Sugar Baby. Notre location d&#8217;esclaves peut durer plusieurs ann\u00e9es, et m\u00eame finir par se marier.<\/p><p>Nos dames adoptent le r\u00f4le d&#8217;une esclave sexuelle (escorte soumise\/BDSM), mais ne sont pas r\u00e9ellement poss\u00e9d\u00e9es. Veuillez respecter les r\u00e8gles de s\u00e9curit\u00e9 en jeu SM pour \u00e9viter les blessures. Les clients &#8220;gros go\u00fbts&#8221; ne sont pas les bienvenus.<\/p><p>Nos clients sont invit\u00e9s \u00e0 nous contacter par e-mail, t\u00e9l\u00e9phone ou \u00e0 visiter notre bureau de Sydney.<\/p><p>&#8211; Visite personnelle<\/p><p>Adresse de nos bureaux : 65 Elizabeth St, Sydney, NSW 2000, Australie<\/p><p>Horaires de nos bureaux : 10am-6pm, Lundi-Vendredi<\/p><p>Vous aurez besoin de prendre rendez-vous.<\/p><p>&#8211; Contact t\u00e9l\u00e9phonique<\/p><p>T\u00e9l\u00e9phone: +61 1300 558035.<\/p><p>Vous \u00eates invit\u00e9s \u00e0 nous contacter entre 10am-6pm du Lundi au Vendredi<\/p><p>Merci de noter :<\/p><p>1. Les nouveaux clients doivent nous contacter par email la premi\u00e8re fois (merci de remplir le formulaire sur notre site web). Le r\u00e8glement de notre agence est de ne discuter aucun d\u00e9tails avec nos nouveaux clients par t\u00e9l\u00e9phone, tel que: \u2018Combien d&#8217;esclaves avez-vous de disponible ?&#8217;, \u2018Quelle est la plus belle ?&#8217;, \u2018A-t-elle une forte poitrine ?&#8217;, \u2018Quels services fournit-elle ?&#8217;, \u2018Quelle est la meilleure esclave suceuse de queue ?&#8217; \u2026etc.<\/p><p>2. Si vous \u00eates un nouveau client, nous ne vous enverrons pas de dame avec un pr\u00e9avis court. Merci de lire : \u2018Comment r\u00e9server une esclave&#8217;.<\/p><p>3. Merci de ne pas demander d&#8217;informations d\u00e9j\u00e0 pr\u00e9sentes sur notre site web telle que : \u2018Quels sont vos tarifs ?&#8217;<\/p><p>&#8211; Contact par email<\/p><p>Merci de lire notre FAQ avant de faire votre demande. Nous ne r\u00e9pondrons pas aux demandes dont les r\u00e9ponses figurent d\u00e9j\u00e0 dans notre FAQ, telle que : \u2018Puis-je r\u00e9server une dame pour 1 heure ?&#8217;, \u2018Avez-vous des esclaves \u00e0 XXX ?&#8217;, \u2018Quel est le co\u00fbt total pour votre dame pour vous rendre visite ?&#8217;, \u2018Puis-je payer \u00e0 l&#8217;arriv\u00e9e de la dame ?&#8217;, \u2018Combien coute le billet d&#8217;avion pour que la dame me rejoigne ?&#8217;, \u2018Dois-je porter un pr\u00e9servatif ?&#8217;, \u2018Vos tarifs sont trop \u00e9lev\u00e9s \u2026&#8217;, \u2018Comment puis-je vous croire ?&#8217; \u2026etc.<\/p>\t\t\t\t\t\t\t\t<\/div>\n\t\t\t\t<\/div>\n\t\t\t\t\t<\/div>\n\t\t<\/div>\n\t\t\t\t\t<\/div>\n\t\t<\/section>\n\t\t\t\t<section class=\"elementor-section elementor-top-section elementor-element elementor-element-9c82b3d elementor-section-boxed elementor-section-height-default elementor-section-height-default\" data-id=\"9c82b3d\" data-element_type=\"section\" data-e-type=\"section\">\n\t\t\t\t\t\t<div class=\"elementor-container elementor-column-gap-default\">\n\t\t\t\t\t<div class=\"elementor-column elementor-col-100 elementor-top-column elementor-element elementor-element-29c89f2\" data-id=\"29c89f2\" data-element_type=\"column\" data-e-type=\"column\">\n\t\t\t<div class=\"elementor-widget-wrap elementor-element-populated\">\n\t\t\t\t\t\t<div class=\"elementor-element elementor-element-c8a8209 elementor-widget elementor-widget-spacer\" data-id=\"c8a8209\" data-element_type=\"widget\" data-e-type=\"widget\" data-widget_type=\"spacer.default\">\n\t\t\t\t<div class=\"elementor-widget-container\">\n\t\t\t\t\t\t\t<div class=\"elementor-spacer\">\n\t\t\t<div class=\"elementor-spacer-inner\"><\/div>\n\t\t<\/div>\n\t\t\t\t\t\t<\/div>\n\t\t\t\t<\/div>\n\t\t\t\t\t<\/div>\n\t\t<\/div>\n\t\t\t\t\t<\/div>\n\t\t<\/section>\n\t\t\t\t<section class=\"elementor-section elementor-top-section elementor-element elementor-element-72cef25 elementor-section-boxed elementor-section-height-default elementor-section-height-default\" data-id=\"72cef25\" data-element_type=\"section\" data-e-type=\"section\">\n\t\t\t\t\t\t\t<div class=\"elementor-background-overlay\"><\/div>\n\t\t\t\t\t\t\t<div class=\"elementor-container elementor-column-gap-default\">\n\t\t\t\t\t<div class=\"elementor-column elementor-col-100 elementor-top-column elementor-element elementor-element-0b284d3\" data-id=\"0b284d3\" data-element_type=\"column\" data-e-type=\"column\">\n\t\t\t<div class=\"elementor-widget-wrap elementor-element-populated\">\n\t\t\t\t\t\t<div class=\"elementor-element elementor-element-2be005a elementor-widget elementor-widget-heading\" data-id=\"2be005a\" data-element_type=\"widget\" data-e-type=\"widget\" data-widget_type=\"heading.default\">\n\t\t\t\t<div class=\"elementor-widget-container\">\n\t\t\t\t\t<h1 class=\"elementor-heading-title elementor-size-default\"><a href=\"https:\/\/asianslave.biz\/e\/contact\/\">\nSlave Booking Form (Anglais)<\/a><\/h1>\t\t\t\t<\/div>\n\t\t\t\t<\/div>\n\t\t\t\t\t<\/div>\n\t\t<\/div>\n\t\t\t\t\t<\/div>\n\t\t<\/section>\n\t\t\t\t<section class=\"elementor-section elementor-top-section elementor-element elementor-element-a90a954 elementor-section-boxed elementor-section-height-default elementor-section-height-default\" data-id=\"a90a954\" data-element_type=\"section\" data-e-type=\"section\">\n\t\t\t\t\t\t<div class=\"elementor-container elementor-column-gap-default\">\n\t\t\t\t\t<div class=\"elementor-column elementor-col-100 elementor-top-column elementor-element elementor-element-d0ee1b9\" data-id=\"d0ee1b9\" data-element_type=\"column\" data-e-type=\"column\">\n\t\t\t<div class=\"elementor-widget-wrap elementor-element-populated\">\n\t\t\t\t\t\t<div class=\"elementor-element elementor-element-61ff34a elementor-widget elementor-widget-spacer\" data-id=\"61ff34a\" data-element_type=\"widget\" data-e-type=\"widget\" data-widget_type=\"spacer.default\">\n\t\t\t\t<div class=\"elementor-widget-container\">\n\t\t\t\t\t\t\t<div class=\"elementor-spacer\">\n\t\t\t<div class=\"elementor-spacer-inner\"><\/div>\n\t\t<\/div>\n\t\t\t\t\t\t<\/div>\n\t\t\t\t<\/div>\n\t\t\t\t\t<\/div>\n\t\t<\/div>\n\t\t\t\t\t<\/div>\n\t\t<\/section>\n\t\t\t\t<section class=\"elementor-section elementor-top-section elementor-element elementor-element-98dbe62 elementor-section-boxed elementor-section-height-default elementor-section-height-default\" data-id=\"98dbe62\" data-element_type=\"section\" data-e-type=\"section\">\n\t\t\t\t\t\t<div class=\"elementor-container elementor-column-gap-default\">\n\t\t\t\t\t<div class=\"elementor-column elementor-col-100 elementor-top-column elementor-element elementor-element-0c96f5b\" data-id=\"0c96f5b\" data-element_type=\"column\" data-e-type=\"column\">\n\t\t\t<div class=\"elementor-widget-wrap elementor-element-populated\">\n\t\t\t\t\t\t<div class=\"elementor-element elementor-element-5c56039 elementor-widget elementor-widget-image\" data-id=\"5c56039\" data-element_type=\"widget\" data-e-type=\"widget\" data-widget_type=\"image.default\">\n\t\t\t\t<div class=\"elementor-widget-container\">\n\t\t\t\t\t\t\t\t\t\t\t\t\t\t\t<img decoding=\"async\" width=\"500\" height=\"333\" src=\"https:\/\/asianslave.biz\/f\/wp-content\/uploads\/sites\/9\/2020\/03\/slave_booking.jpg\" class=\"attachment-large size-large wp-image-9432\" alt=\"\" srcset=\"https:\/\/asianslave.biz\/f\/wp-content\/uploads\/sites\/9\/2020\/03\/slave_booking.jpg 500w, https:\/\/asianslave.biz\/f\/wp-content\/uploads\/sites\/9\/2020\/03\/slave_booking-300x200.jpg 300w\" sizes=\"(max-width: 500px) 100vw, 500px\" \/>\t\t\t\t\t\t\t\t\t\t\t\t\t\t\t<\/div>\n\t\t\t\t<\/div>\n\t\t\t\t\t<\/div>\n\t\t<\/div>\n\t\t\t\t\t<\/div>\n\t\t<\/section>\n\t\t\t\t<section class=\"elementor-section elementor-top-section elementor-element elementor-element-157eeed elementor-section-boxed elementor-section-height-default elementor-section-height-default\" data-id=\"157eeed\" data-element_type=\"section\" data-e-type=\"section\">\n\t\t\t\t\t\t<div class=\"elementor-container elementor-column-gap-default\">\n\t\t\t\t\t<div class=\"elementor-column elementor-col-100 elementor-top-column elementor-element elementor-element-7d54993\" data-id=\"7d54993\" data-element_type=\"column\" data-e-type=\"column\">\n\t\t\t<div class=\"elementor-widget-wrap elementor-element-populated\">\n\t\t\t\t\t\t<div class=\"elementor-element elementor-element-7960a67 elementor-widget elementor-widget-spacer\" data-id=\"7960a67\" data-element_type=\"widget\" data-e-type=\"widget\" data-widget_type=\"spacer.default\">\n\t\t\t\t<div class=\"elementor-widget-container\">\n\t\t\t\t\t\t\t<div class=\"elementor-spacer\">\n\t\t\t<div class=\"elementor-spacer-inner\"><\/div>\n\t\t<\/div>\n\t\t\t\t\t\t<\/div>\n\t\t\t\t<\/div>\n\t\t\t\t\t<\/div>\n\t\t<\/div>\n\t\t\t\t\t<\/div>\n\t\t<\/section>\n\t\t\t\t<\/div>\n\t\t","protected":false},"excerpt":{"rendered":"<p>Bienvenue pour contacter Asian Slave Club et r\u00e9server nos esclaves sexuelles (escortes soumises\/BDSM). Notre service convient aux ma\u00eetres qui recherchent des amants soumis \u00e0 long terme. Un ma\u00eetre peut essayer de sortir avec un esclave pendant un ou deux jours. Si les<\/p>\n<p class=\"link-more\"><a class=\"myButt three\" href=\"https:\/\/asianslave.biz\/f\/booking\/\">Read More<\/a><\/p>\n","protected":false},"author":1,"featured_media":14038,"parent":0,"menu_order":0,"comment_status":"closed","ping_status":"closed","template":"","meta":{"footnotes":""},"class_list":["post-3480","page","type-page","status-publish","has-post-thumbnail","hentry"],"_links":{"self":[{"href":"https:\/\/asianslave.biz\/f\/wp-json\/wp\/v2\/pages\/3480","targetHints":{"allow":["GET"]}}],"collection":[{"href":"https:\/\/asianslave.biz\/f\/wp-json\/wp\/v2\/pages"}],"about":[{"href":"https:\/\/asianslave.biz\/f\/wp-json\/wp\/v2\/types\/page"}],"author":[{"embeddable":true,"href":"https:\/\/asianslave.biz\/f\/wp-json\/wp\/v2\/users\/1"}],"replies":[{"embeddable":true,"href":"https:\/\/asianslave.biz\/f\/wp-json\/wp\/v2\/comments?post=3480"}],"version-history":[{"count":180,"href":"https:\/\/asianslave.biz\/f\/wp-json\/wp\/v2\/pages\/3480\/revisions"}],"predecessor-version":[{"id":18191,"href":"https:\/\/asianslave.biz\/f\/wp-json\/wp\/v2\/pages\/3480\/revisions\/18191"}],"wp:featuredmedia":[{"embeddable":true,"href":"https:\/\/asianslave.biz\/f\/wp-json\/wp\/v2\/media\/14038"}],"wp:attachment":[{"href":"https:\/\/asianslave.biz\/f\/wp-json\/wp\/v2\/media?parent=3480"}],"curies":[{"name":"wp","href":"https:\/\/api.w.org\/{rel}","templated":true}]}}