{"id":2891,"date":"2019-06-13T11:31:52","date_gmt":"2019-06-13T11:31:52","guid":{"rendered":"https:\/\/asianslave.biz\/f\/?page_id=2891"},"modified":"2022-04-06T11:12:57","modified_gmt":"2022-04-06T01:12:57","slug":"fees","status":"publish","type":"page","link":"https:\/\/asianslave.biz\/f\/fees\/","title":{"rendered":"Les tarifs d&#8217;escorte soumise"},"content":{"rendered":"\t\t<div data-elementor-type=\"wp-post\" data-elementor-id=\"2891\" class=\"elementor elementor-2891\" data-elementor-post-type=\"page\">\n\t\t\t\t\t\t<section class=\"elementor-section elementor-top-section elementor-element elementor-element-90c6531 elementor-section-boxed elementor-section-height-default elementor-section-height-default\" data-id=\"90c6531\" data-element_type=\"section\" data-e-type=\"section\">\n\t\t\t\t\t\t<div class=\"elementor-container elementor-column-gap-default\">\n\t\t\t\t\t<div class=\"elementor-column elementor-col-100 elementor-top-column elementor-element elementor-element-b24289a\" data-id=\"b24289a\" data-element_type=\"column\" data-e-type=\"column\">\n\t\t\t<div class=\"elementor-widget-wrap elementor-element-populated\">\n\t\t\t\t\t\t<div class=\"elementor-element elementor-element-7033f4a elementor-widget elementor-widget-image\" data-id=\"7033f4a\" data-element_type=\"widget\" data-e-type=\"widget\" data-widget_type=\"image.default\">\n\t\t\t\t<div class=\"elementor-widget-container\">\n\t\t\t\t\t\t\t\t\t\t\t\t\t\t\t<img fetchpriority=\"high\" decoding=\"async\" width=\"492\" height=\"700\" src=\"https:\/\/asianslave.biz\/f\/wp-content\/uploads\/sites\/9\/2021\/01\/Sex-Slave-Submissive-Escort-Fee-price.jpg\" class=\"attachment-large size-large wp-image-14253\" alt=\"Sex Slave, Submissive, Escort, Fee, price\" srcset=\"https:\/\/asianslave.biz\/f\/wp-content\/uploads\/sites\/9\/2021\/01\/Sex-Slave-Submissive-Escort-Fee-price.jpg 492w, https:\/\/asianslave.biz\/f\/wp-content\/uploads\/sites\/9\/2021\/01\/Sex-Slave-Submissive-Escort-Fee-price-211x300.jpg 211w\" sizes=\"(max-width: 492px) 100vw, 492px\" \/>\t\t\t\t\t\t\t\t\t\t\t\t\t\t\t<\/div>\n\t\t\t\t<\/div>\n\t\t\t\t\t<\/div>\n\t\t<\/div>\n\t\t\t\t\t<\/div>\n\t\t<\/section>\n\t\t\t\t<section class=\"elementor-section elementor-top-section elementor-element elementor-element-df52ea8 elementor-section-boxed elementor-section-height-default elementor-section-height-default\" data-id=\"df52ea8\" data-element_type=\"section\" data-e-type=\"section\">\n\t\t\t\t\t\t<div class=\"elementor-container elementor-column-gap-default\">\n\t\t\t\t\t<div class=\"elementor-column elementor-col-100 elementor-top-column elementor-element elementor-element-5f44894\" data-id=\"5f44894\" data-element_type=\"column\" data-e-type=\"column\">\n\t\t\t<div class=\"elementor-widget-wrap elementor-element-populated\">\n\t\t\t\t\t\t<div class=\"elementor-element elementor-element-adfc379 elementor-widget elementor-widget-text-editor\" data-id=\"adfc379\" data-element_type=\"widget\" data-e-type=\"widget\" data-widget_type=\"text-editor.default\">\n\t\t\t\t<div class=\"elementor-widget-container\">\n\t\t\t\t\t\t\t\t\t<p style=\"font-weight: 400;\"><span class=\"JLqJ4b ChMk0b\" data-language-for-alternatives=\"fr\" data-language-to-translate-into=\"en\" data-phrase-index=\"0\" data-number-of-phrases=\"7\"><span class=\"Q4iAWc\">Naturellement, les dames de l&#8217;Asian Slave Club ne sont pas de v\u00e9ritables esclaves, elles jouent le r\u00f4le de ce pr\u00e9cieux service pour vous.<\/span><\/span> <span class=\"JLqJ4b ChMk0b\" data-language-for-alternatives=\"fr\" data-language-to-translate-into=\"en\" data-phrase-index=\"1\" data-number-of-phrases=\"7\"><span class=\"Q4iAWc\">Nos clients doivent payer des frais raisonnables en \u00e9change de leurs services sexuels et de leur d\u00e9licieuse soumission.<\/span><\/span><\/p><p style=\"font-weight: 400;\"><span class=\"JLqJ4b ChMk0b\" data-language-for-alternatives=\"fr\" data-language-to-translate-into=\"en\" data-phrase-index=\"3\" data-number-of-phrases=\"7\"><span class=\"Q4iAWc\">Asian Slave Club fournit des services \u00e0 l&#8217;\u00e9chelle mondiale.<\/span><\/span> <span class=\"JLqJ4b ChMk0b\" data-language-for-alternatives=\"fr\" data-language-to-translate-into=\"en\" data-phrase-index=\"4\" data-number-of-phrases=\"7\"><span class=\"Q4iAWc\">Nos frais d&#8217;esclave sexuelle (escorte soumise) d\u00e9pendent des filles et de la zone de service.<\/span><\/span> <span class=\"JLqJ4b ChMk0b\" data-language-for-alternatives=\"fr\" data-language-to-translate-into=\"en\" data-phrase-index=\"5\" data-number-of-phrases=\"7\"><span class=\"Q4iAWc\">Veuillez trouver les d\u00e9tails sur la page de profil de chaque esclave.<\/span><\/span> <span class=\"JLqJ4b ChMk0b\" data-language-for-alternatives=\"fr\" data-language-to-translate-into=\"en\" data-phrase-index=\"6\" data-number-of-phrases=\"7\"><span class=\"Q4iAWc\">Les frais de voyage et de visa, si n\u00e9cessaire, s&#8217;ajoutent aux frais de service.<\/span><\/span><\/p><p>\u00a0<\/p><p>&#8211; Devises :<\/p><p>Nos tarifs pour les services en Australie &#8211; Nouvelle-Z\u00e9lande sont en dollars australiens.<\/p><p>Nos tarifs pour les services en Europe sont en Euros.<\/p><p>Nos tarifs pour les services dans le reste du monde sont en dollars US.<\/p><p>&#8211; Conditions :<\/p><p>Les frais de transport a\u00e9riens sont exclus du tarif.<\/p><p>Tous les frais doivent \u00e9t\u00e9 pay\u00e9s avant le d\u00e9part de dame.<\/p><p>Si la dame et le client sont dans le m\u00eame pays, la dur\u00e9e minimale de la visite de la dame est de 1 jour.<\/p><p>Si la dame et le client sont dans des pays diff\u00e9rents mais toujours sur le m\u00eame continent, la dur\u00e9e minimale de la visite de la dame est de 2 jours.<\/p><p>Si la dame et le client sont sur des continents diff\u00e9rents, la dur\u00e9e minimale de la visite de la dame est de 3 jours.<\/p><p>\u00a0<\/p><p>&#8211; Note :<\/p><p>Le temps n\u00e9cessaire pour une dame pour voyager afin de vous rencontrer est toujours en dehors du temps que vous avez r\u00e9serv\u00e9, et vous ne payez pas pour son temps de voyage. Merci de comprendre que nous avons un temps minimum de r\u00e9servation car il n&#8217;est pas raisonnable de s&#8217;attendre \u00e0 ce qu&#8217;une dame voyage une journ\u00e9e enti\u00e8re de l&#8217;Australie vers l&#8217;Europe ou les \u00c9tats-Unis pour une courte visite, et ensuite passe une autre journ\u00e9e de voyage au retour.<\/p><p><br \/>&#8211; Paiement<\/p><p>Conditions Asian Slave Club : si le service est r\u00e9alis\u00e9 \u00e0 Sydney, le client peut payer \u00e0 l&#8217;arriv\u00e9e de la dame (si elle est \u00e9galement de Sydney). Sinon, tous les frais y compris les tarifs a\u00e9riens, etc., doivent \u00eatre pay\u00e9s avant le d\u00e9part de la dame. Votre collaboration est appr\u00e9ci\u00e9e.<\/p><p>Nous acceptons les moyens de paiement \u00e9num\u00e9r\u00e9s ci-dessous (si vous avez besoin de nos informations bancaires pour effectuer le paiement, merci de nous le faire savoir):<br \/>1, Virement bancaire<br \/>2, Transfert par Western Union Money<br \/>3, Paiement personnel en esp\u00e8ces \u00e0 notre si\u00e8ge social de Sydney.<br \/>4 Paiement en esp\u00e8ces, \u00e0 l&#8217;arriv\u00e9e de notre dame (si le client et la dame sont \u00e0 Sydney).<\/p><p>Nous n&#8217;acceptons pas les paiements list\u00e9s ci-dessous:<br \/>1, Carte de cr\u00e9dit<br \/>2, Cheque<br \/>3, Money order<br \/>4, Esp\u00e8ces par courrier<\/p><p><br \/>&#8211; Politique de remboursement<\/p><p>1, Si c&#8217;est la faute de la dame ou de notre agence.<br \/>Dans le cas o\u00f9 la dame ne peut pas aller au rendez-vous, nous vous fournirons un remboursement complet, y compris les billets d&#8217;avion (mais ne comprenant pas le d\u00e9p\u00f4t pour les photos).<\/p><p>2, Si c&#8217;est la faute du client.<br \/>Dans le cas o\u00f9 le rendez-vous doit \u00eatre annul\u00e9 ou report\u00e9 parce que le client n&#8217;est pas pu \u00eatre en mesure d&#8217;\u00eatre pr\u00e9sent, nous garderont le paiement (y compris le billet d&#8217;avion s&#8217;il est rembours\u00e9 par la compagnie a\u00e9rienne) en tant que cr\u00e9dit pour votre prochaine r\u00e9servation. Le d\u00e9p\u00f4t pour les photos ne sera pas rembours\u00e9.<\/p><p>3, Si c&#8217;est un acte de Dieu.<br \/>Si pour une raison telle qu&#8217;un ouragan, les cendres volcaniques, la gr\u00e8ve de l&#8217;a\u00e9roport, les probl\u00e8mes de visa\/douanes, les accidents de la circulation, etc. \u2026la dame ne peut pas arriver, nous fournirons un remboursement complet (y compris le billet d&#8217;avion s&#8217;il est rembours\u00e9 par la compagnie a\u00e9rienne). Le d\u00e9p\u00f4t pour les photos ne sera pas rembours\u00e9.<\/p>\t\t\t\t\t\t\t\t<\/div>\n\t\t\t\t<\/div>\n\t\t\t\t\t<\/div>\n\t\t<\/div>\n\t\t\t\t\t<\/div>\n\t\t<\/section>\n\t\t\t\t<section class=\"elementor-section elementor-top-section elementor-element elementor-element-eec9002 elementor-section-boxed elementor-section-height-default elementor-section-height-default\" data-id=\"eec9002\" data-element_type=\"section\" data-e-type=\"section\">\n\t\t\t\t\t\t<div class=\"elementor-container elementor-column-gap-default\">\n\t\t\t\t\t<div class=\"elementor-column elementor-col-100 elementor-top-column elementor-element elementor-element-066e7d5\" data-id=\"066e7d5\" data-element_type=\"column\" data-e-type=\"column\">\n\t\t\t<div class=\"elementor-widget-wrap elementor-element-populated\">\n\t\t\t\t\t\t<div class=\"elementor-element elementor-element-324c99b elementor-widget elementor-widget-spacer\" data-id=\"324c99b\" data-element_type=\"widget\" data-e-type=\"widget\" data-widget_type=\"spacer.default\">\n\t\t\t\t<div class=\"elementor-widget-container\">\n\t\t\t\t\t\t\t<div class=\"elementor-spacer\">\n\t\t\t<div class=\"elementor-spacer-inner\"><\/div>\n\t\t<\/div>\n\t\t\t\t\t\t<\/div>\n\t\t\t\t<\/div>\n\t\t\t\t\t<\/div>\n\t\t<\/div>\n\t\t\t\t\t<\/div>\n\t\t<\/section>\n\t\t\t\t<section class=\"elementor-section elementor-top-section elementor-element elementor-element-eee7f9a elementor-section-boxed elementor-section-height-default elementor-section-height-default\" data-id=\"eee7f9a\" data-element_type=\"section\" data-e-type=\"section\">\n\t\t\t\t\t\t<div class=\"elementor-container elementor-column-gap-default\">\n\t\t\t\t\t<div class=\"elementor-column elementor-col-100 elementor-top-column elementor-element elementor-element-8fb810c\" data-id=\"8fb810c\" data-element_type=\"column\" data-e-type=\"column\">\n\t\t\t<div class=\"elementor-widget-wrap elementor-element-populated\">\n\t\t\t\t\t\t<div class=\"elementor-element elementor-element-63fc400 elementor-widget elementor-widget-spacer\" data-id=\"63fc400\" data-element_type=\"widget\" data-e-type=\"widget\" data-widget_type=\"spacer.default\">\n\t\t\t\t<div class=\"elementor-widget-container\">\n\t\t\t\t\t\t\t<div class=\"elementor-spacer\">\n\t\t\t<div class=\"elementor-spacer-inner\"><\/div>\n\t\t<\/div>\n\t\t\t\t\t\t<\/div>\n\t\t\t\t<\/div>\n\t\t\t\t\t<\/div>\n\t\t<\/div>\n\t\t\t\t\t<\/div>\n\t\t<\/section>\n\t\t\t\t<section class=\"elementor-section elementor-top-section elementor-element elementor-element-5e4b59e elementor-section-boxed elementor-section-height-default elementor-section-height-default\" data-id=\"5e4b59e\" data-element_type=\"section\" data-e-type=\"section\">\n\t\t\t\t\t\t<div class=\"elementor-container elementor-column-gap-default\">\n\t\t\t\t\t<div class=\"elementor-column elementor-col-100 elementor-top-column elementor-element elementor-element-3a09d8a\" data-id=\"3a09d8a\" data-element_type=\"column\" data-e-type=\"column\">\n\t\t\t<div class=\"elementor-widget-wrap elementor-element-populated\">\n\t\t\t\t\t\t<div class=\"elementor-element elementor-element-0527c0c elementor-widget elementor-widget-heading\" data-id=\"0527c0c\" data-element_type=\"widget\" data-e-type=\"widget\" data-widget_type=\"heading.default\">\n\t\t\t\t<div class=\"elementor-widget-container\">\n\t\t\t\t\t<h2 class=\"elementor-heading-title elementor-size-default\">Refund Policy\u00a0<\/h2>\t\t\t\t<\/div>\n\t\t\t\t<\/div>\n\t\t\t\t\t<\/div>\n\t\t<\/div>\n\t\t\t\t\t<\/div>\n\t\t<\/section>\n\t\t\t\t<section class=\"elementor-section elementor-top-section elementor-element elementor-element-3982e63 elementor-section-boxed elementor-section-height-default elementor-section-height-default\" data-id=\"3982e63\" data-element_type=\"section\" data-e-type=\"section\">\n\t\t\t\t\t\t<div class=\"elementor-container elementor-column-gap-default\">\n\t\t\t\t\t<div class=\"elementor-column elementor-col-100 elementor-top-column elementor-element elementor-element-4e15993\" data-id=\"4e15993\" data-element_type=\"column\" data-e-type=\"column\">\n\t\t\t<div class=\"elementor-widget-wrap elementor-element-populated\">\n\t\t\t\t\t\t<div class=\"elementor-element elementor-element-b339a18 elementor-widget elementor-widget-text-editor\" data-id=\"b339a18\" data-element_type=\"widget\" data-e-type=\"widget\" data-widget_type=\"text-editor.default\">\n\t\t\t\t<div class=\"elementor-widget-container\">\n\t\t\t\t\t\t\t\t\t<p>\u2013 If it is the fault of the lady or this company<br \/>In the situation where the lady cannot go to the appointment, we will give a full refund, including airfares (but not including the photo deposit).<\/p><p>\u2013 If it is the fault of the client<br \/>In the situation where the appointment has to be canceled or postponed because the client is unable to make it, we will keep the payment (including the airfare if it is refunded by the Airline) as credit for your next booking.<\/p><p>\u2013 If it is an act of God<br \/>If for a reason such as hurricane, volcanic ash, airport strike, customs\/visa trouble, traffic accident, terrorist attack, etc, the lady cannot arrive, we will give a full refund (including the airfare if it is refunded by the airline). The photo deposit will not be refunded.<\/p>\t\t\t\t\t\t\t\t<\/div>\n\t\t\t\t<\/div>\n\t\t\t\t\t<\/div>\n\t\t<\/div>\n\t\t\t\t\t<\/div>\n\t\t<\/section>\n\t\t\t\t<section class=\"elementor-section elementor-top-section elementor-element elementor-element-74842c5 elementor-section-boxed elementor-section-height-default elementor-section-height-default\" data-id=\"74842c5\" data-element_type=\"section\" data-e-type=\"section\">\n\t\t\t\t\t\t<div class=\"elementor-container elementor-column-gap-default\">\n\t\t\t\t\t<div class=\"elementor-column elementor-col-100 elementor-top-column elementor-element elementor-element-50cab32\" data-id=\"50cab32\" data-element_type=\"column\" data-e-type=\"column\">\n\t\t\t<div class=\"elementor-widget-wrap elementor-element-populated\">\n\t\t\t\t\t\t<div class=\"elementor-element elementor-element-f43dcab elementor-widget elementor-widget-spacer\" data-id=\"f43dcab\" data-element_type=\"widget\" data-e-type=\"widget\" data-widget_type=\"spacer.default\">\n\t\t\t\t<div class=\"elementor-widget-container\">\n\t\t\t\t\t\t\t<div class=\"elementor-spacer\">\n\t\t\t<div class=\"elementor-spacer-inner\"><\/div>\n\t\t<\/div>\n\t\t\t\t\t\t<\/div>\n\t\t\t\t<\/div>\n\t\t\t\t\t<\/div>\n\t\t<\/div>\n\t\t\t\t\t<\/div>\n\t\t<\/section>\n\t\t\t\t<section class=\"elementor-section elementor-top-section elementor-element elementor-element-44b2acb elementor-section-boxed elementor-section-height-default elementor-section-height-default\" data-id=\"44b2acb\" data-element_type=\"section\" data-e-type=\"section\">\n\t\t\t\t\t\t<div class=\"elementor-container elementor-column-gap-default\">\n\t\t\t\t\t<div class=\"elementor-column elementor-col-100 elementor-top-column elementor-element elementor-element-1c3d18c\" data-id=\"1c3d18c\" data-element_type=\"column\" data-e-type=\"column\">\n\t\t\t<div class=\"elementor-widget-wrap elementor-element-populated\">\n\t\t\t\t\t\t<div class=\"elementor-element elementor-element-6d58186 elementor-widget elementor-widget-image\" data-id=\"6d58186\" data-element_type=\"widget\" data-e-type=\"widget\" data-widget_type=\"image.default\">\n\t\t\t\t<div class=\"elementor-widget-container\">\n\t\t\t\t\t\t\t\t\t\t\t\t\t\t\t<img decoding=\"async\" width=\"360\" height=\"500\" src=\"https:\/\/asianslave.biz\/f\/wp-content\/uploads\/sites\/9\/2021\/01\/bdsm-service-price.jpg\" class=\"attachment-large size-large wp-image-14258\" alt=\"bdsm, service, price\" srcset=\"https:\/\/asianslave.biz\/f\/wp-content\/uploads\/sites\/9\/2021\/01\/bdsm-service-price.jpg 360w, https:\/\/asianslave.biz\/f\/wp-content\/uploads\/sites\/9\/2021\/01\/bdsm-service-price-216x300.jpg 216w\" sizes=\"(max-width: 360px) 100vw, 360px\" \/>\t\t\t\t\t\t\t\t\t\t\t\t\t\t\t<\/div>\n\t\t\t\t<\/div>\n\t\t\t\t\t<\/div>\n\t\t<\/div>\n\t\t\t\t\t<\/div>\n\t\t<\/section>\n\t\t\t\t<section class=\"elementor-section elementor-top-section elementor-element elementor-element-f853bce elementor-section-boxed elementor-section-height-default elementor-section-height-default\" data-id=\"f853bce\" data-element_type=\"section\" data-e-type=\"section\">\n\t\t\t\t\t\t<div class=\"elementor-container elementor-column-gap-default\">\n\t\t\t\t\t<div class=\"elementor-column elementor-col-100 elementor-top-column elementor-element elementor-element-5e62fca\" data-id=\"5e62fca\" data-element_type=\"column\" data-e-type=\"column\">\n\t\t\t<div class=\"elementor-widget-wrap elementor-element-populated\">\n\t\t\t\t\t\t<div class=\"elementor-element elementor-element-e8860e9 elementor-widget elementor-widget-spacer\" data-id=\"e8860e9\" data-element_type=\"widget\" data-e-type=\"widget\" data-widget_type=\"spacer.default\">\n\t\t\t\t<div class=\"elementor-widget-container\">\n\t\t\t\t\t\t\t<div class=\"elementor-spacer\">\n\t\t\t<div class=\"elementor-spacer-inner\"><\/div>\n\t\t<\/div>\n\t\t\t\t\t\t<\/div>\n\t\t\t\t<\/div>\n\t\t\t\t\t<\/div>\n\t\t<\/div>\n\t\t\t\t\t<\/div>\n\t\t<\/section>\n\t\t\t\t<\/div>\n\t\t","protected":false},"excerpt":{"rendered":"<p>Naturellement, les dames de l&#8217;Asian Slave Club ne sont pas de v\u00e9ritables esclaves, elles jouent le r\u00f4le de ce pr\u00e9cieux service pour vous. Nos clients doivent payer des frais raisonnables en \u00e9change de leurs services sexuels et de leur d\u00e9licieuse soumission. Asian<\/p>\n<p class=\"link-more\"><a class=\"myButt three\" href=\"https:\/\/asianslave.biz\/f\/fees\/\">Read More<\/a><\/p>\n","protected":false},"author":1,"featured_media":0,"parent":0,"menu_order":0,"comment_status":"closed","ping_status":"closed","template":"","meta":{"footnotes":""},"class_list":["post-2891","page","type-page","status-publish","hentry"],"_links":{"self":[{"href":"https:\/\/asianslave.biz\/f\/wp-json\/wp\/v2\/pages\/2891","targetHints":{"allow":["GET"]}}],"collection":[{"href":"https:\/\/asianslave.biz\/f\/wp-json\/wp\/v2\/pages"}],"about":[{"href":"https:\/\/asianslave.biz\/f\/wp-json\/wp\/v2\/types\/page"}],"author":[{"embeddable":true,"href":"https:\/\/asianslave.biz\/f\/wp-json\/wp\/v2\/users\/1"}],"replies":[{"embeddable":true,"href":"https:\/\/asianslave.biz\/f\/wp-json\/wp\/v2\/comments?post=2891"}],"version-history":[{"count":286,"href":"https:\/\/asianslave.biz\/f\/wp-json\/wp\/v2\/pages\/2891\/revisions"}],"predecessor-version":[{"id":17977,"href":"https:\/\/asianslave.biz\/f\/wp-json\/wp\/v2\/pages\/2891\/revisions\/17977"}],"wp:attachment":[{"href":"https:\/\/asianslave.biz\/f\/wp-json\/wp\/v2\/media?parent=2891"}],"curies":[{"name":"wp","href":"https:\/\/api.w.org\/{rel}","templated":true}]}}