{"id":2757,"date":"2019-06-11T04:40:12","date_gmt":"2019-06-11T04:40:12","guid":{"rendered":"https:\/\/asianslave.biz\/f\/?page_id=2757"},"modified":"2022-04-06T10:44:36","modified_gmt":"2022-04-06T00:44:36","slug":"sex-slaves","status":"publish","type":"page","link":"https:\/\/asianslave.biz\/f\/sex-slaves\/","title":{"rendered":"Esclaves sexuelles \u00e0 louer"},"content":{"rendered":"\t\t<div data-elementor-type=\"wp-post\" data-elementor-id=\"2757\" class=\"elementor elementor-2757\" data-elementor-post-type=\"page\">\n\t\t\t\t\t\t<section class=\"elementor-section elementor-top-section elementor-element elementor-element-b56cc24 elementor-section-boxed elementor-section-height-default elementor-section-height-default\" data-id=\"b56cc24\" data-element_type=\"section\" data-e-type=\"section\">\n\t\t\t\t\t\t<div class=\"elementor-container elementor-column-gap-default\">\n\t\t\t\t\t<div class=\"elementor-column elementor-col-100 elementor-top-column elementor-element elementor-element-ab35550\" data-id=\"ab35550\" data-element_type=\"column\" data-e-type=\"column\">\n\t\t\t<div class=\"elementor-widget-wrap elementor-element-populated\">\n\t\t\t\t\t\t<div class=\"elementor-element elementor-element-1e0b902 elementor-widget elementor-widget-image\" data-id=\"1e0b902\" data-element_type=\"widget\" data-e-type=\"widget\" data-widget_type=\"image.default\">\n\t\t\t\t<div class=\"elementor-widget-container\">\n\t\t\t\t\t\t\t\t\t\t\t\t\t\t\t<img decoding=\"async\" src=\"https:\/\/asianslave.biz\/f\/wp-content\/uploads\/sites\/9\/elementor\/thumbs\/asian-sex-slave-1-ouhgthneh863axpxyuka57zp46csnumndhto6rllcq.jpg\" title=\"asian sex slave\" alt=\"asian sex slave\" loading=\"lazy\" \/>\t\t\t\t\t\t\t\t\t\t\t\t\t\t\t<\/div>\n\t\t\t\t<\/div>\n\t\t\t\t\t<\/div>\n\t\t<\/div>\n\t\t\t\t\t<\/div>\n\t\t<\/section>\n\t\t\t\t<section class=\"elementor-section elementor-top-section elementor-element elementor-element-d87b74e elementor-section-boxed elementor-section-height-default elementor-section-height-default\" data-id=\"d87b74e\" data-element_type=\"section\" data-e-type=\"section\">\n\t\t\t\t\t\t<div class=\"elementor-container elementor-column-gap-default\">\n\t\t\t\t\t<div class=\"elementor-column elementor-col-100 elementor-top-column elementor-element elementor-element-ddeb30a\" data-id=\"ddeb30a\" data-element_type=\"column\" data-e-type=\"column\">\n\t\t\t<div class=\"elementor-widget-wrap elementor-element-populated\">\n\t\t\t\t\t\t<div class=\"elementor-element elementor-element-27aff44 elementor-widget elementor-widget-text-editor\" data-id=\"27aff44\" data-element_type=\"widget\" data-e-type=\"widget\" data-widget_type=\"text-editor.default\">\n\t\t\t\t<div class=\"elementor-widget-container\">\n\t\t\t\t\t\t\t\t\t<p>Vous trouverez ci-dessous les esclaves sexuelles soumises disponibles chez Asian Slave Club. Ici, vous pouvez louer une esclave pour que vos r\u00eaves deviennent r\u00e9alit\u00e9 &#8230;<\/p><p>Est-ce votre fantasme c&#8217;est d&#8217;avoir une esclave attach\u00e9e dans votre chambre? Une prosternation soumise dans votre salle de bains? Peut-\u00eatre que vous souhaitez une servante dans votre cuisine, pr\u00e9parant vos aliments et vous fournissant tous les services au moment du repas. Ou est-ce que votre r\u00eave est d&#8217;avoir un secr\u00e9taire esclave au bureau, o\u00f9 vous \u00eates le seul \u00e0 savoir les choses qu&#8217;elle va faire? Souhaitez-vous un jeu de r\u00f4le avec une vilaine fille ou une infirmi\u00e8re sexy?<\/p><p>Parlez-nous afin de faire de votre r\u00eave une r\u00e9alit\u00e9. Que vous souhaitiez une esclave \u00e0 la maison, dans votre h\u00f4tel pendant que vous voyagez, ou lors d&#8217;une escapade romantique, il ya des dames ici que peuvent offrir ce dont vous avez besoin.<\/p><p>Merci de choisir votre esclave dans notre version anglaise du site: <a href=\"https:\/\/asianslave.biz\/e\/sex-slaves\/\">Sex Slaves For Rent<\/a> (en anglais) <\/p>\t\t\t\t\t\t\t\t<\/div>\n\t\t\t\t<\/div>\n\t\t\t\t\t<\/div>\n\t\t<\/div>\n\t\t\t\t\t<\/div>\n\t\t<\/section>\n\t\t\t\t<section class=\"elementor-section elementor-top-section elementor-element elementor-element-bfdb701 elementor-section-boxed elementor-section-height-default elementor-section-height-default\" data-id=\"bfdb701\" data-element_type=\"section\" data-e-type=\"section\">\n\t\t\t\t\t\t<div class=\"elementor-container elementor-column-gap-default\">\n\t\t\t\t\t<div class=\"elementor-column elementor-col-100 elementor-top-column elementor-element elementor-element-f4b9e7c\" data-id=\"f4b9e7c\" data-element_type=\"column\" data-e-type=\"column\">\n\t\t\t<div class=\"elementor-widget-wrap elementor-element-populated\">\n\t\t\t\t\t\t<div class=\"elementor-element elementor-element-93eaa1b elementor-widget elementor-widget-spacer\" data-id=\"93eaa1b\" data-element_type=\"widget\" data-e-type=\"widget\" data-widget_type=\"spacer.default\">\n\t\t\t\t<div class=\"elementor-widget-container\">\n\t\t\t\t\t\t\t<div class=\"elementor-spacer\">\n\t\t\t<div class=\"elementor-spacer-inner\"><\/div>\n\t\t<\/div>\n\t\t\t\t\t\t<\/div>\n\t\t\t\t<\/div>\n\t\t\t\t\t<\/div>\n\t\t<\/div>\n\t\t\t\t\t<\/div>\n\t\t<\/section>\n\t\t\t\t<section class=\"elementor-section elementor-top-section elementor-element elementor-element-ab95a7a elementor-section-boxed elementor-section-height-default elementor-section-height-default\" data-id=\"ab95a7a\" data-element_type=\"section\" data-e-type=\"section\">\n\t\t\t\t\t\t<div class=\"elementor-container elementor-column-gap-default\">\n\t\t\t\t\t<div class=\"elementor-column elementor-col-100 elementor-top-column elementor-element elementor-element-7722bd6\" data-id=\"7722bd6\" data-element_type=\"column\" data-e-type=\"column\">\n\t\t\t<div class=\"elementor-widget-wrap elementor-element-populated\">\n\t\t\t\t\t\t<div class=\"elementor-element elementor-element-a7acf49 elementor-widget elementor-widget-image\" data-id=\"a7acf49\" data-element_type=\"widget\" data-e-type=\"widget\" data-widget_type=\"image.default\">\n\t\t\t\t<div class=\"elementor-widget-container\">\n\t\t\t\t\t\t\t\t\t\t\t\t\t\t\t<img fetchpriority=\"high\" decoding=\"async\" width=\"465\" height=\"700\" src=\"https:\/\/asianslave.biz\/f\/wp-content\/uploads\/sites\/9\/2020\/11\/sex_slave_for_hire.jpg\" class=\"attachment-full size-full wp-image-11956\" alt=\"\" srcset=\"https:\/\/asianslave.biz\/f\/wp-content\/uploads\/sites\/9\/2020\/11\/sex_slave_for_hire.jpg 465w, https:\/\/asianslave.biz\/f\/wp-content\/uploads\/sites\/9\/2020\/11\/sex_slave_for_hire-199x300.jpg 199w\" sizes=\"(max-width: 465px) 100vw, 465px\" \/>\t\t\t\t\t\t\t\t\t\t\t\t\t\t\t<\/div>\n\t\t\t\t<\/div>\n\t\t\t\t\t<\/div>\n\t\t<\/div>\n\t\t\t\t\t<\/div>\n\t\t<\/section>\n\t\t\t\t<section class=\"elementor-section elementor-top-section elementor-element elementor-element-e30a2de elementor-section-boxed elementor-section-height-default elementor-section-height-default\" data-id=\"e30a2de\" data-element_type=\"section\" data-e-type=\"section\">\n\t\t\t\t\t\t<div class=\"elementor-container elementor-column-gap-default\">\n\t\t\t\t\t<div class=\"elementor-column elementor-col-100 elementor-top-column elementor-element elementor-element-992f4d8\" data-id=\"992f4d8\" data-element_type=\"column\" data-e-type=\"column\">\n\t\t\t<div class=\"elementor-widget-wrap elementor-element-populated\">\n\t\t\t\t\t\t<div class=\"elementor-element elementor-element-5edb964 elementor-widget elementor-widget-spacer\" data-id=\"5edb964\" data-element_type=\"widget\" data-e-type=\"widget\" data-widget_type=\"spacer.default\">\n\t\t\t\t<div class=\"elementor-widget-container\">\n\t\t\t\t\t\t\t<div class=\"elementor-spacer\">\n\t\t\t<div class=\"elementor-spacer-inner\"><\/div>\n\t\t<\/div>\n\t\t\t\t\t\t<\/div>\n\t\t\t\t<\/div>\n\t\t\t\t\t<\/div>\n\t\t<\/div>\n\t\t\t\t\t<\/div>\n\t\t<\/section>\n\t\t\t\t<\/div>\n\t\t","protected":false},"excerpt":{"rendered":"<p>Vous trouverez ci-dessous les esclaves sexuelles soumises disponibles chez Asian Slave Club. Ici, vous pouvez louer une esclave pour que vos r\u00eaves deviennent r\u00e9alit\u00e9 &#8230; Est-ce votre fantasme c&#8217;est d&#8217;avoir une esclave attach\u00e9e dans votre chambre? Une prosternation soumise dans votre salle<\/p>\n<p class=\"link-more\"><a class=\"myButt three\" href=\"https:\/\/asianslave.biz\/f\/sex-slaves\/\">Read More<\/a><\/p>\n","protected":false},"author":1,"featured_media":0,"parent":0,"menu_order":0,"comment_status":"closed","ping_status":"closed","template":"","meta":{"footnotes":""},"class_list":["post-2757","page","type-page","status-publish","hentry"],"_links":{"self":[{"href":"https:\/\/asianslave.biz\/f\/wp-json\/wp\/v2\/pages\/2757","targetHints":{"allow":["GET"]}}],"collection":[{"href":"https:\/\/asianslave.biz\/f\/wp-json\/wp\/v2\/pages"}],"about":[{"href":"https:\/\/asianslave.biz\/f\/wp-json\/wp\/v2\/types\/page"}],"author":[{"embeddable":true,"href":"https:\/\/asianslave.biz\/f\/wp-json\/wp\/v2\/users\/1"}],"replies":[{"embeddable":true,"href":"https:\/\/asianslave.biz\/f\/wp-json\/wp\/v2\/comments?post=2757"}],"version-history":[{"count":179,"href":"https:\/\/asianslave.biz\/f\/wp-json\/wp\/v2\/pages\/2757\/revisions"}],"predecessor-version":[{"id":17958,"href":"https:\/\/asianslave.biz\/f\/wp-json\/wp\/v2\/pages\/2757\/revisions\/17958"}],"wp:attachment":[{"href":"https:\/\/asianslave.biz\/f\/wp-json\/wp\/v2\/media?parent=2757"}],"curies":[{"name":"wp","href":"https:\/\/api.w.org\/{rel}","templated":true}]}}