{"id":2718,"date":"2019-06-07T02:12:35","date_gmt":"2019-06-07T02:12:35","guid":{"rendered":"https:\/\/asianslave.biz\/f\/?page_id=2718"},"modified":"2022-04-06T17:54:09","modified_gmt":"2022-04-06T07:54:09","slug":"home","status":"publish","type":"page","link":"https:\/\/asianslave.biz\/f\/","title":{"rendered":"\u00c0 propos de notre club"},"content":{"rendered":"\t\t<div data-elementor-type=\"wp-post\" data-elementor-id=\"2718\" class=\"elementor elementor-2718\" data-elementor-post-type=\"page\">\n\t\t\t\t\t\t<section class=\"elementor-section elementor-top-section elementor-element elementor-element-bc303b0 elementor-section-boxed elementor-section-height-default elementor-section-height-default\" data-id=\"bc303b0\" data-element_type=\"section\" data-e-type=\"section\">\n\t\t\t\t\t\t<div class=\"elementor-container elementor-column-gap-default\">\n\t\t\t\t\t<div class=\"elementor-column elementor-col-100 elementor-top-column elementor-element elementor-element-ff1de56\" data-id=\"ff1de56\" data-element_type=\"column\" data-e-type=\"column\">\n\t\t\t<div class=\"elementor-widget-wrap elementor-element-populated\">\n\t\t\t\t\t\t<div class=\"elementor-element elementor-element-14e06aa elementor-widget elementor-widget-text-editor\" data-id=\"14e06aa\" data-element_type=\"widget\" data-e-type=\"widget\" data-widget_type=\"text-editor.default\">\n\t\t\t\t<div class=\"elementor-widget-container\">\n\t\t\t\t\t\t\t\t\t<p>Asian Slave Club offre des esclaves sexuelles soumises \u00e0 louer ainsi que des services BDSM \u00e0 travers le monde. Nous fournissons des services d&#8217;escorte soumise de haute classe \u00e0 travers le monde depuis plus de 40 ans.<\/p><p>Nous r\u00e9pondons au besoin de clients qui recherchent un service d&#8217;escorte, plut\u00f4t qu&#8217;une br\u00e8ve s\u00e9ance de jeu SM. Nos services commencent \u00e0 partir d&#8217;une seule journ\u00e9e avec une esclave, jusqu&#8217;\u00e0 &#8216;\u00eatre en mesure d&#8217;offrir des dames pour un maximum d&#8217;un an. Nos escortes adoptent le r\u00f4le d&#8217;une esclave sexuelle, mais vous n&#8217;en \u00eates pas r\u00e9ellement propri\u00e9taire. Certains de nos dames plus polyvalentes sont en mesure d&#8217;agir \u00e0 la fois en tant que Ma\u00eetresse et esclave ce qui les rendent id\u00e9ales pour les deux situations style harem et personnelle.<\/p><p>La culture de la soumission a une riche et longue histoire en Asie, en particulier dans les pays d&#8217;Asie comme la Chine, le Japon et la Cor\u00e9e. Le r\u00f4le des femmes a \u00e9volu\u00e9 de partenaires qui sont silencieuses et soumises \u00e0 la fantaisie id\u00e9ale d&#8217;une esclave sexuelle. M\u00eame dans la soci\u00e9t\u00e9 moderne, de nombreuses femmes instruites sont \u00e9duqu\u00e9es \u00e0 \u00eatre ob\u00e9issantes, gracieuses et \u00e0 s&#8217;acquitter des demandes de leur partenaire ou leur Ma\u00eetre.<\/p><p>Adapt\u00e9s \u00e0 vos go\u00fbts, besoins et d\u00e9sirs, Asian Slave Club peut fournir une dame pr\u00eate \u00e0 r\u00e9pondre aux besoins d&#8217;un homme distingu\u00e9. Nos \u00e9l\u00e9gantes esclaves sont g\u00e9n\u00e9ralement des dames chinoises, japonaises et cor\u00e9ennes qui sont dispos\u00e9es \u00e0 fournir des services BDSM et de soumission.<br \/>Toutes les dames sont bien \u00e9duqu\u00e9es et parlent bien l&#8217;anglais. Nos escortes sont des \u00e9tudiantes, des infirmi\u00e8res, des mod\u00e8les ou poursuivent d&#8217;autres carri\u00e8res; aucune d&#8217;entre elles ne sont des professionnelles de l&#8217;industrie du sexe. Cela vous garantit que votre esclave sera fraiche et enthousiaste. Pour ceux qui recherchent des dames plus matures, nous avons \u00e9galement des employ\u00e9es de bureau ou des professeurs d&#8217;universit\u00e9 la recherche d&#8217;une vie plus aventureuse avec vous. Parce qu&#8217;elles ne sont pas blas\u00e9es ou surcharg\u00e9es de travail, votre service est toujours unique et elles sont capables de tout donner \u00e0 leur Ma\u00eetre ou leur Ma\u00eetresse.<\/p><p>Fournir la bonne partenaire soumise est plus qu&#8217;une question de simple beaut\u00e9. En plus d&#8217;\u00eatre en mesure de fournir des photographies de la dame qui vous int\u00e9resse, Asian Slave Club porte un r\u00e9el int\u00e9r\u00eat \u00e0 veiller \u00e0 ce que le jeu que vous d\u00e9sirez est aussi quelque chose que la dame est pr\u00eat \u00e0 faire. Nos services de soumission sont adapt\u00e9s \u00e0 vos besoins, et vous pouvez \u00eatre s\u00fbr que votre esclave sera agr\u00e9able, aimable, courtoise et (surtout) ob\u00e9issante et soumise. Tous les efforts sont apport\u00e9s \u00e0 l&#8217;assurance que vous \u00eates satisfait du premier moment o\u00f9 vous nous contactez jusqu&#8217;au d\u00e9part de votre escorte.<\/p><p>Pour votre plaisir, nous pouvons vous fournir des jouets, et un assortiment de mat\u00e9riel de B&amp;D vous permettent de facilement restreindre, punir ou faire jouir votre esclave (Sydney uniquement). Que vous vouliez attacher, donner la fess\u00e9e, bander les yeux ou humilier, nous pouvons vous aider. Est-ce que la fellation est votre f\u00e9tiche, la sodomie ou le sexe avec une esclave entrav\u00e9e ou costum\u00e9e? Nous traitons toutes vos demandes avec respect et int\u00e9r\u00eat, et nous ferons de notre mieux pour vous assurer que vous garderez un souvenir inoubliable de l&#8217;exp\u00e9rience.<\/p><p>Asian Slave Escort fournit des services de soumission BDSM l\u00e9gers \u00e0 moyens seulement. Merci de respecter les r\u00e8gles de s\u00e9curit\u00e9 du jeu SM pour \u00e9viter les blessures. Les clients au \u2018go\u00fbt extr\u00eame&#8217; ne sont pas les bienvenus. Merci de noter que, quelque soit la dur\u00e9e de r\u00e9servation de votre service de soumission, la dame de Asian Slave Escort est toujours une esclave de \u2018jeu de r\u00f4le, (escorte soumise) seulement, elle ne deviendra jamais une \u2018vraie&#8217; esclave.<\/p><p>Asian Slave Escort est membre du groupe Luxury Holidays, qui a \u00e9t\u00e9 fond\u00e9 en 1973, et mis \u00e0 part Asian Slave Escort, nous poss\u00e9dons d&#8217;autres sites de rencontres Internet et d&#8217;escorte, qui sont list\u00e9s ci-dessous.<\/p><p>T\u00e9l\u00e9phone:<\/p><p>+61 1300 558035<\/p><p>Adresse des bureaux:<\/p><p>65 St Elizabeth<\/p><p>Sydney, NSW 2000<\/p><p>Australie<\/p>\t\t\t\t\t\t\t\t<\/div>\n\t\t\t\t<\/div>\n\t\t\t\t\t<\/div>\n\t\t<\/div>\n\t\t\t\t\t<\/div>\n\t\t<\/section>\n\t\t\t\t<section class=\"elementor-section elementor-top-section elementor-element elementor-element-cc9180c elementor-section-boxed elementor-section-height-default elementor-section-height-default\" data-id=\"cc9180c\" data-element_type=\"section\" data-e-type=\"section\">\n\t\t\t\t\t\t<div class=\"elementor-container elementor-column-gap-default\">\n\t\t\t\t\t<div class=\"elementor-column elementor-col-100 elementor-top-column elementor-element elementor-element-3e63116\" data-id=\"3e63116\" data-element_type=\"column\" data-e-type=\"column\">\n\t\t\t<div class=\"elementor-widget-wrap elementor-element-populated\">\n\t\t\t\t\t\t<div class=\"elementor-element elementor-element-f26c0ed elementor-widget-divider--view-line elementor-widget elementor-widget-divider\" data-id=\"f26c0ed\" data-element_type=\"widget\" data-e-type=\"widget\" data-widget_type=\"divider.default\">\n\t\t\t\t<div class=\"elementor-widget-container\">\n\t\t\t\t\t\t\t<div class=\"elementor-divider\">\n\t\t\t<span class=\"elementor-divider-separator\">\n\t\t\t\t\t\t<\/span>\n\t\t<\/div>\n\t\t\t\t\t\t<\/div>\n\t\t\t\t<\/div>\n\t\t\t\t\t<\/div>\n\t\t<\/div>\n\t\t\t\t\t<\/div>\n\t\t<\/section>\n\t\t\t\t<section class=\"elementor-section elementor-top-section elementor-element elementor-element-d52cb81 elementor-section-boxed elementor-section-height-default elementor-section-height-default\" data-id=\"d52cb81\" data-element_type=\"section\" data-e-type=\"section\">\n\t\t\t\t\t\t<div class=\"elementor-container elementor-column-gap-default\">\n\t\t\t\t\t<div class=\"elementor-column elementor-col-100 elementor-top-column elementor-element elementor-element-b7aeef7\" data-id=\"b7aeef7\" data-element_type=\"column\" data-e-type=\"column\">\n\t\t\t<div class=\"elementor-widget-wrap elementor-element-populated\">\n\t\t\t\t\t\t<div class=\"elementor-element elementor-element-6e50297 elementor-widget elementor-widget-text-editor\" data-id=\"6e50297\" data-element_type=\"widget\" data-e-type=\"widget\" data-widget_type=\"text-editor.default\">\n\t\t\t\t<div class=\"elementor-widget-container\">\n\t\t\t\t\t\t\t\t\t<p style=\"line-height: 200%;\" align=\"center\">Merci de noter: la forme BDSM de l&#8217;esclavage sexuel est un type de jeu de r\u00f4le sexuel dont un des partenaires, g\u00e9n\u00e9ralement appel\u00e9 la soumise, accepte d&#8217;ex\u00e9cuter des actes sexuels selon les directives de leur Dominant. Elle est consid\u00e9r\u00e9e comme une expression de la domination et de la soumission. Un esclave sexuelle en BDSM adopte le r\u00f4le d&#8217;une esclave sexuelle, mais n&#8217;est pas r\u00e9ellement poss\u00e9d\u00e9e. La communaut\u00e9 BDSM n&#8217;accepte pas l&#8217;esclavage non consensuel comme une pratique valable.<\/p>\t\t\t\t\t\t\t\t<\/div>\n\t\t\t\t<\/div>\n\t\t\t\t\t<\/div>\n\t\t<\/div>\n\t\t\t\t\t<\/div>\n\t\t<\/section>\n\t\t\t\t<section class=\"elementor-section elementor-top-section elementor-element elementor-element-4109ec8 elementor-section-boxed elementor-section-height-default elementor-section-height-default\" data-id=\"4109ec8\" data-element_type=\"section\" data-e-type=\"section\">\n\t\t\t\t\t\t<div class=\"elementor-container elementor-column-gap-default\">\n\t\t\t\t\t<div class=\"elementor-column elementor-col-100 elementor-top-column elementor-element elementor-element-9e2e5ca\" data-id=\"9e2e5ca\" data-element_type=\"column\" data-e-type=\"column\">\n\t\t\t<div class=\"elementor-widget-wrap elementor-element-populated\">\n\t\t\t\t\t\t<div class=\"elementor-element elementor-element-4452f0d elementor-widget-divider--view-line elementor-widget elementor-widget-divider\" data-id=\"4452f0d\" data-element_type=\"widget\" data-e-type=\"widget\" data-widget_type=\"divider.default\">\n\t\t\t\t<div class=\"elementor-widget-container\">\n\t\t\t\t\t\t\t<div class=\"elementor-divider\">\n\t\t\t<span class=\"elementor-divider-separator\">\n\t\t\t\t\t\t<\/span>\n\t\t<\/div>\n\t\t\t\t\t\t<\/div>\n\t\t\t\t<\/div>\n\t\t\t\t\t<\/div>\n\t\t<\/div>\n\t\t\t\t\t<\/div>\n\t\t<\/section>\n\t\t\t\t<section class=\"elementor-section elementor-top-section elementor-element elementor-element-ef7e25d elementor-section-boxed elementor-section-height-default elementor-section-height-default\" data-id=\"ef7e25d\" data-element_type=\"section\" data-e-type=\"section\">\n\t\t\t\t\t\t<div class=\"elementor-container elementor-column-gap-default\">\n\t\t\t\t\t<div class=\"elementor-column elementor-col-100 elementor-top-column elementor-element elementor-element-0b1030f\" data-id=\"0b1030f\" data-element_type=\"column\" data-e-type=\"column\">\n\t\t\t<div class=\"elementor-widget-wrap elementor-element-populated\">\n\t\t\t\t\t\t<div class=\"elementor-element elementor-element-a8f29f6 elementor-widget elementor-widget-spacer\" data-id=\"a8f29f6\" data-element_type=\"widget\" data-e-type=\"widget\" data-widget_type=\"spacer.default\">\n\t\t\t\t<div class=\"elementor-widget-container\">\n\t\t\t\t\t\t\t<div class=\"elementor-spacer\">\n\t\t\t<div class=\"elementor-spacer-inner\"><\/div>\n\t\t<\/div>\n\t\t\t\t\t\t<\/div>\n\t\t\t\t<\/div>\n\t\t\t\t\t<\/div>\n\t\t<\/div>\n\t\t\t\t\t<\/div>\n\t\t<\/section>\n\t\t\t\t<section class=\"elementor-section elementor-top-section elementor-element elementor-element-b57825f elementor-section-boxed elementor-section-height-default elementor-section-height-default\" data-id=\"b57825f\" data-element_type=\"section\" data-e-type=\"section\">\n\t\t\t\t\t\t<div class=\"elementor-container elementor-column-gap-default\">\n\t\t\t\t\t<div class=\"elementor-column elementor-col-100 elementor-top-column elementor-element elementor-element-e60bad5\" data-id=\"e60bad5\" data-element_type=\"column\" data-e-type=\"column\">\n\t\t\t<div class=\"elementor-widget-wrap elementor-element-populated\">\n\t\t\t\t\t\t<div class=\"elementor-element elementor-element-431777f elementor-widget elementor-widget-image\" data-id=\"431777f\" data-element_type=\"widget\" data-e-type=\"widget\" data-widget_type=\"image.default\">\n\t\t\t\t<div class=\"elementor-widget-container\">\n\t\t\t\t\t\t\t\t\t\t\t\t\t\t\t<img fetchpriority=\"high\" decoding=\"async\" width=\"476\" height=\"700\" src=\"https:\/\/asianslave.biz\/f\/wp-content\/uploads\/sites\/9\/2021\/01\/submissive-bdsm-escorts.jpg\" class=\"attachment-full size-full wp-image-14357\" alt=\"submissive, bdsm, escort\" srcset=\"https:\/\/asianslave.biz\/f\/wp-content\/uploads\/sites\/9\/2021\/01\/submissive-bdsm-escorts.jpg 476w, https:\/\/asianslave.biz\/f\/wp-content\/uploads\/sites\/9\/2021\/01\/submissive-bdsm-escorts-204x300.jpg 204w\" sizes=\"(max-width: 476px) 100vw, 476px\" \/>\t\t\t\t\t\t\t\t\t\t\t\t\t\t\t<\/div>\n\t\t\t\t<\/div>\n\t\t\t\t\t<\/div>\n\t\t<\/div>\n\t\t\t\t\t<\/div>\n\t\t<\/section>\n\t\t\t\t<section class=\"elementor-section elementor-top-section elementor-element elementor-element-05d1b3b elementor-section-boxed elementor-section-height-default elementor-section-height-default\" data-id=\"05d1b3b\" data-element_type=\"section\" data-e-type=\"section\">\n\t\t\t\t\t\t<div class=\"elementor-container elementor-column-gap-default\">\n\t\t\t\t\t<div class=\"elementor-column elementor-col-100 elementor-top-column elementor-element elementor-element-16dce89\" data-id=\"16dce89\" data-element_type=\"column\" data-e-type=\"column\">\n\t\t\t<div class=\"elementor-widget-wrap elementor-element-populated\">\n\t\t\t\t\t\t<div class=\"elementor-element elementor-element-ab08365 elementor-widget elementor-widget-spacer\" data-id=\"ab08365\" data-element_type=\"widget\" data-e-type=\"widget\" data-widget_type=\"spacer.default\">\n\t\t\t\t<div class=\"elementor-widget-container\">\n\t\t\t\t\t\t\t<div class=\"elementor-spacer\">\n\t\t\t<div class=\"elementor-spacer-inner\"><\/div>\n\t\t<\/div>\n\t\t\t\t\t\t<\/div>\n\t\t\t\t<\/div>\n\t\t\t\t\t<\/div>\n\t\t<\/div>\n\t\t\t\t\t<\/div>\n\t\t<\/section>\n\t\t\t\t<\/div>\n\t\t","protected":false},"excerpt":{"rendered":"<p>Asian Slave Club offre des esclaves sexuelles soumises \u00e0 louer ainsi que des services BDSM \u00e0 travers le monde. Nous fournissons des services d&#8217;escorte soumise de haute classe \u00e0 travers le monde depuis plus de 40 ans. Nous r\u00e9pondons au besoin de<\/p>\n<p class=\"link-more\"><a class=\"myButt three\" href=\"https:\/\/asianslave.biz\/f\/\">Read More<\/a><\/p>\n","protected":false},"author":1,"featured_media":0,"parent":0,"menu_order":0,"comment_status":"closed","ping_status":"closed","template":"","meta":{"footnotes":""},"class_list":["post-2718","page","type-page","status-publish","hentry"],"_links":{"self":[{"href":"https:\/\/asianslave.biz\/f\/wp-json\/wp\/v2\/pages\/2718","targetHints":{"allow":["GET"]}}],"collection":[{"href":"https:\/\/asianslave.biz\/f\/wp-json\/wp\/v2\/pages"}],"about":[{"href":"https:\/\/asianslave.biz\/f\/wp-json\/wp\/v2\/types\/page"}],"author":[{"embeddable":true,"href":"https:\/\/asianslave.biz\/f\/wp-json\/wp\/v2\/users\/1"}],"replies":[{"embeddable":true,"href":"https:\/\/asianslave.biz\/f\/wp-json\/wp\/v2\/comments?post=2718"}],"version-history":[{"count":232,"href":"https:\/\/asianslave.biz\/f\/wp-json\/wp\/v2\/pages\/2718\/revisions"}],"predecessor-version":[{"id":18092,"href":"https:\/\/asianslave.biz\/f\/wp-json\/wp\/v2\/pages\/2718\/revisions\/18092"}],"wp:attachment":[{"href":"https:\/\/asianslave.biz\/f\/wp-json\/wp\/v2\/media?parent=2718"}],"curies":[{"name":"wp","href":"https:\/\/api.w.org\/{rel}","templated":true}]}}