{"id":26514,"date":"2023-04-24T19:21:45","date_gmt":"2023-04-24T09:21:45","guid":{"rendered":"https:\/\/asianslave.biz\/e\/?page_id=26514"},"modified":"2025-09-01T21:10:11","modified_gmt":"2025-09-01T11:10:11","slug":"sm509-resume-italian","status":"publish","type":"page","link":"https:\/\/asianslave.biz\/e\/sm509-resume-italian\/","title":{"rendered":"SM509 &#8211; UNA CAGNOLINA OBBIEDANTE\u00a0 AOOASSIONATO DI BDSM\u00a0"},"content":{"rendered":"\t\t<div data-elementor-type=\"wp-page\" data-elementor-id=\"26514\" class=\"elementor elementor-26514\" data-elementor-post-type=\"page\">\n\t\t\t\t<div class=\"elementor-element elementor-element-ba9facc e-flex e-con-boxed e-con e-parent\" data-id=\"ba9facc\" data-element_type=\"container\" data-e-type=\"container\">\n\t\t\t\t\t<div class=\"e-con-inner\">\n\t\t\t\t<div class=\"elementor-element elementor-element-8361aa3 elementor-widget elementor-widget-image\" data-id=\"8361aa3\" data-element_type=\"widget\" data-e-type=\"widget\" data-widget_type=\"image.default\">\n\t\t\t\t<div class=\"elementor-widget-container\">\n\t\t\t\t\t\t\t\t\t\t\t\t\t\t\t<img fetchpriority=\"high\" decoding=\"async\" width=\"200\" height=\"300\" src=\"https:\/\/asianslave.biz\/e\/wp-content\/uploads\/sites\/6\/2023\/05\/sm509_bdsm_italy.jpg\" class=\"attachment-full size-full wp-image-27034\" alt=\"bdsm, escort, beijing, china\" \/>\t\t\t\t\t\t\t\t\t\t\t\t\t\t\t<\/div>\n\t\t\t\t<\/div>\n\t\t\t\t\t<\/div>\n\t\t\t\t<\/div>\n\t\t\t\t<section class=\"elementor-section elementor-top-section elementor-element elementor-element-69487027 elementor-section-boxed elementor-section-height-default elementor-section-height-default\" data-id=\"69487027\" data-element_type=\"section\" data-e-type=\"section\">\n\t\t\t\t\t\t<div class=\"elementor-container elementor-column-gap-default\">\n\t\t\t\t\t<div class=\"elementor-column elementor-col-100 elementor-top-column elementor-element elementor-element-7ed13335\" data-id=\"7ed13335\" data-element_type=\"column\" data-e-type=\"column\">\n\t\t\t<div class=\"elementor-widget-wrap elementor-element-populated\">\n\t\t\t\t\t\t<div class=\"elementor-element elementor-element-17c1e9cd elementor-widget elementor-widget-text-editor\" data-id=\"17c1e9cd\" data-element_type=\"widget\" data-e-type=\"widget\" data-widget_type=\"text-editor.default\">\n\t\t\t\t<div class=\"elementor-widget-container\">\n\t\t\t\t\t\t\t\t\t<section class=\"elementor-section elementor-top-section elementor-element elementor-element-4f14038 elementor-section-boxed elementor-section-height-default elementor-section-height-default\" data-id=\"4f14038\" data-element_type=\"section\"><div class=\"elementor-container elementor-column-gap-default\"><div class=\"elementor-row\"><div class=\"elementor-column elementor-col-100 elementor-top-column elementor-element elementor-element-c6e9148\" data-id=\"c6e9148\" data-element_type=\"column\"><div class=\"elementor-column-wrap elementor-element-populated\"><div class=\"elementor-widget-wrap\"><div class=\"elementor-element elementor-element-63d4130 elementor-widget elementor-widget-text-editor\" data-id=\"63d4130\" data-element_type=\"widget\" data-widget_type=\"text-editor.default\"><div class=\"elementor-widget-container\"><div class=\"elementor-text-editor elementor-clearfix\"><div dir=\"auto\">Mi chiamo Christina, una bella e intelligente ragazza cinese. Mi sono laureata in Economia in un&#8217;universit\u00e0 europea e parlo fluentemente inglese e italiano. Attualmente lavoro in Cina nel settore del turismo e della traduzione. Sono sempre disponibile ad assistere viaggiatori d&#8217;affari che vengono in Cina o vanno in Europa, cos\u00ec come imprenditori stranieri in Cina, facendo del mio meglio per aiutarvi a sviluppare affari legati al mercato cinese.<\/div><div dir=\"auto\">\u00a0<\/div><div dir=\"auto\">La mia personalit\u00e0 \u00e8 un misto di estroversione e introversione. Dopo aver vissuto all&#8217;estero per pi\u00f9 di dieci anni, il mio circolo sociale \u00e8 molto ristretto. Amo viaggiare, fare escursioni in montagna e camminate, e in generale adoro le attivit\u00e0 all&#8217;aria aperta. Allo stesso tempo, apprezzo molto i momenti di solitudine. A casa, ho l&#8217;abitudine di sistemare ogni giorno, e trovo un grande piacere mentale nel mantenere il mio ambiente di vita pulito e ordinato.<\/div><div dir=\"auto\">\u00a0<\/div><div dir=\"auto\">Nel quotidiano, presto molta attenzione alla cura del mio corpo. Ho una figura leggermente robusta, con fianchi e seno pronunciati, che conferiscono alle mie curve un aspetto armonioso e proporzionato.<\/div><div dir=\"auto\">\u00a0<\/div><div dir=\"auto\">Nel contesto della sessualit\u00e0, presento un contrasto piuttosto marcato: sono indipendente all&#8217;esterno, ma dolce e dipendente all&#8217;interno. Apprezzo entrambi i ruoli,ma tendo a preferire quest&#8217;ultimo, riflettendo cos\u00ec la mia personalit\u00e0 multisfaccettata. Sono aperta a sperimentare diverse attitudini sessuali. La mia indole ha anche tratti del k9, con una tolleranza al dolore e una capacit\u00e0 di apprendimento piuttosto elevate. Mi piace essere legata, baciata, leccata, obbedire al mio partner e compiere varie azioni intime in luoghi diversi. \u00c8 importante per me offrire soddisfazione sia a livello mentale che fisico al mio partner.<\/div><\/div><\/div><\/div><\/div><\/div><\/div><\/div><\/div><\/section>\t\t\t\t\t\t\t\t<\/div>\n\t\t\t\t<\/div>\n\t\t\t\t\t<\/div>\n\t\t<\/div>\n\t\t\t\t\t<\/div>\n\t\t<\/section>\n\t\t\t\t<section class=\"elementor-section elementor-top-section elementor-element elementor-element-6f648e67 elementor-section-boxed elementor-section-height-default elementor-section-height-default\" data-id=\"6f648e67\" data-element_type=\"section\" data-e-type=\"section\">\n\t\t\t\t\t\t<div class=\"elementor-container elementor-column-gap-default\">\n\t\t\t\t\t<div class=\"elementor-column elementor-col-100 elementor-top-column elementor-element elementor-element-25097213\" data-id=\"25097213\" data-element_type=\"column\" data-e-type=\"column\">\n\t\t\t<div class=\"elementor-widget-wrap elementor-element-populated\">\n\t\t\t\t\t\t<div class=\"elementor-element elementor-element-31f16dc2 elementor-widget elementor-widget-spacer\" data-id=\"31f16dc2\" data-element_type=\"widget\" data-e-type=\"widget\" data-widget_type=\"spacer.default\">\n\t\t\t\t<div class=\"elementor-widget-container\">\n\t\t\t\t\t\t\t<div class=\"elementor-spacer\">\n\t\t\t<div class=\"elementor-spacer-inner\"><\/div>\n\t\t<\/div>\n\t\t\t\t\t\t<\/div>\n\t\t\t\t<\/div>\n\t\t\t\t\t<\/div>\n\t\t<\/div>\n\t\t\t\t\t<\/div>\n\t\t<\/section>\n\t\t\t\t<section class=\"elementor-section elementor-top-section elementor-element elementor-element-4ff2074b elementor-section-boxed elementor-section-height-default elementor-section-height-default\" data-id=\"4ff2074b\" data-element_type=\"section\" data-e-type=\"section\">\n\t\t\t\t\t\t<div class=\"elementor-container elementor-column-gap-default\">\n\t\t\t\t\t<div class=\"elementor-column elementor-col-100 elementor-top-column elementor-element elementor-element-739b606d\" data-id=\"739b606d\" data-element_type=\"column\" data-e-type=\"column\">\n\t\t\t<div class=\"elementor-widget-wrap elementor-element-populated\">\n\t\t\t\t\t\t<div class=\"elementor-element elementor-element-19c7c6e2 elementor-widget elementor-widget-image\" data-id=\"19c7c6e2\" data-element_type=\"widget\" data-e-type=\"widget\" data-widget_type=\"image.default\">\n\t\t\t\t<div class=\"elementor-widget-container\">\n\t\t\t\t\t\t\t\t\t\t\t\t\t\t\t\t<a href=\"https:\/\/asianslave.biz\/e\/sm509-submissive-tour-guide-italy-china\/\">\n\t\t\t\t\t\t\t<img decoding=\"async\" width=\"90\" height=\"44\" src=\"https:\/\/asianslave.biz\/e\/wp-content\/uploads\/sites\/6\/2019\/06\/back-1.gif\" class=\"attachment-full size-full wp-image-803\" alt=\"\" \/>\t\t\t\t\t\t\t\t<\/a>\n\t\t\t\t\t\t\t\t\t\t\t\t\t\t\t<\/div>\n\t\t\t\t<\/div>\n\t\t\t\t\t<\/div>\n\t\t<\/div>\n\t\t\t\t\t<\/div>\n\t\t<\/section>\n\t\t\t\t<section class=\"elementor-section elementor-top-section elementor-element elementor-element-6b734751 elementor-section-boxed elementor-section-height-default elementor-section-height-default\" data-id=\"6b734751\" data-element_type=\"section\" data-e-type=\"section\">\n\t\t\t\t\t\t<div class=\"elementor-container elementor-column-gap-default\">\n\t\t\t\t\t<div class=\"elementor-column elementor-col-100 elementor-top-column elementor-element elementor-element-386f82e3\" data-id=\"386f82e3\" data-element_type=\"column\" data-e-type=\"column\">\n\t\t\t<div class=\"elementor-widget-wrap elementor-element-populated\">\n\t\t\t\t\t\t<div class=\"elementor-element elementor-element-339bb707 elementor-widget elementor-widget-spacer\" data-id=\"339bb707\" data-element_type=\"widget\" data-e-type=\"widget\" data-widget_type=\"spacer.default\">\n\t\t\t\t<div class=\"elementor-widget-container\">\n\t\t\t\t\t\t\t<div class=\"elementor-spacer\">\n\t\t\t<div class=\"elementor-spacer-inner\"><\/div>\n\t\t<\/div>\n\t\t\t\t\t\t<\/div>\n\t\t\t\t<\/div>\n\t\t\t\t\t<\/div>\n\t\t<\/div>\n\t\t\t\t\t<\/div>\n\t\t<\/section>\n\t\t\t\t<\/div>\n\t\t","protected":false},"excerpt":{"rendered":"<p>Mi chiamo Christina, una bella e intelligente ragazza cinese. Mi sono laureata in Economia in un&#8217;universit\u00e0 europea e parlo fluentemente inglese e italiano. Attualmente lavoro in Cina nel settore del turismo e della traduzione. Sono sempre disponibile ad assistere viaggiatori d&#8217;affari che<\/p>\n<p class=\"link-more\"><a class=\"myButt three\" href=\"https:\/\/asianslave.biz\/e\/sm509-resume-italian\/\">Read More<\/a><\/p>\n","protected":false},"author":1,"featured_media":0,"parent":0,"menu_order":0,"comment_status":"closed","ping_status":"closed","template":"","meta":{"footnotes":""},"class_list":["post-26514","page","type-page","status-publish","hentry"],"_links":{"self":[{"href":"https:\/\/asianslave.biz\/e\/wp-json\/wp\/v2\/pages\/26514","targetHints":{"allow":["GET"]}}],"collection":[{"href":"https:\/\/asianslave.biz\/e\/wp-json\/wp\/v2\/pages"}],"about":[{"href":"https:\/\/asianslave.biz\/e\/wp-json\/wp\/v2\/types\/page"}],"author":[{"embeddable":true,"href":"https:\/\/asianslave.biz\/e\/wp-json\/wp\/v2\/users\/1"}],"replies":[{"embeddable":true,"href":"https:\/\/asianslave.biz\/e\/wp-json\/wp\/v2\/comments?post=26514"}],"version-history":[{"count":33,"href":"https:\/\/asianslave.biz\/e\/wp-json\/wp\/v2\/pages\/26514\/revisions"}],"predecessor-version":[{"id":44366,"href":"https:\/\/asianslave.biz\/e\/wp-json\/wp\/v2\/pages\/26514\/revisions\/44366"}],"wp:attachment":[{"href":"https:\/\/asianslave.biz\/e\/wp-json\/wp\/v2\/media?parent=26514"}],"curies":[{"name":"wp","href":"https:\/\/api.w.org\/{rel}","templated":true}]}}