{"id":24091,"date":"2022-12-20T20:32:49","date_gmt":"2022-12-20T09:32:49","guid":{"rendered":"https:\/\/asianslave.biz\/e\/?page_id=24091"},"modified":"2023-01-03T16:17:32","modified_gmt":"2023-01-03T05:17:32","slug":"sm498-resume-german","status":"publish","type":"page","link":"https:\/\/asianslave.biz\/e\/sm498-resume-german\/","title":{"rendered":"SM498 &#8211; Resume (German)"},"content":{"rendered":"\t\t<div data-elementor-type=\"wp-page\" data-elementor-id=\"24091\" class=\"elementor elementor-24091\" data-elementor-post-type=\"page\">\n\t\t\t\t\t\t<section class=\"elementor-section elementor-top-section elementor-element elementor-element-54d1483 elementor-section-boxed elementor-section-height-default elementor-section-height-default\" data-id=\"54d1483\" data-element_type=\"section\" data-e-type=\"section\">\n\t\t\t\t\t\t<div class=\"elementor-container elementor-column-gap-default\">\n\t\t\t\t\t<div class=\"elementor-column elementor-col-100 elementor-top-column elementor-element elementor-element-372404e\" data-id=\"372404e\" data-element_type=\"column\" data-e-type=\"column\">\n\t\t\t<div class=\"elementor-widget-wrap elementor-element-populated\">\n\t\t\t\t\t\t<div class=\"elementor-element elementor-element-ec78912 elementor-widget elementor-widget-image\" data-id=\"ec78912\" data-element_type=\"widget\" data-e-type=\"widget\" data-widget_type=\"image.default\">\n\t\t\t\t<div class=\"elementor-widget-container\">\n\t\t\t\t\t\t\t\t\t\t\t\t\t\t\t<img fetchpriority=\"high\" decoding=\"async\" width=\"200\" height=\"300\" src=\"https:\/\/asianslave.biz\/e\/wp-content\/uploads\/sites\/6\/2022\/12\/sm498_german_sex_slave.jpg\" class=\"attachment-large size-large wp-image-23765\" alt=\"german, sex slave, bdsm, escort\" \/>\t\t\t\t\t\t\t\t\t\t\t\t\t\t\t<\/div>\n\t\t\t\t<\/div>\n\t\t\t\t\t<\/div>\n\t\t<\/div>\n\t\t\t\t\t<\/div>\n\t\t<\/section>\n\t\t\t\t<section class=\"elementor-section elementor-top-section elementor-element elementor-element-68a503bb elementor-section-boxed elementor-section-height-default elementor-section-height-default\" data-id=\"68a503bb\" data-element_type=\"section\" data-e-type=\"section\">\n\t\t\t\t\t\t<div class=\"elementor-container elementor-column-gap-default\">\n\t\t\t\t\t<div class=\"elementor-column elementor-col-100 elementor-top-column elementor-element elementor-element-767d1b30\" data-id=\"767d1b30\" data-element_type=\"column\" data-e-type=\"column\">\n\t\t\t<div class=\"elementor-widget-wrap elementor-element-populated\">\n\t\t\t\t\t\t<div class=\"elementor-element elementor-element-d6b1f0f elementor-widget elementor-widget-text-editor\" data-id=\"d6b1f0f\" data-element_type=\"widget\" data-e-type=\"widget\" data-widget_type=\"text-editor.default\">\n\t\t\t\t<div class=\"elementor-widget-container\">\n\t\t\t\t\t\t\t\t\t<section class=\"elementor-section elementor-top-section elementor-element elementor-element-4f14038 elementor-section-boxed elementor-section-height-default elementor-section-height-default\" data-id=\"4f14038\" data-element_type=\"section\"><div class=\"elementor-container elementor-column-gap-default\"><div class=\"elementor-row\"><div class=\"elementor-column elementor-col-100 elementor-top-column elementor-element elementor-element-c6e9148\" data-id=\"c6e9148\" data-element_type=\"column\"><div class=\"elementor-column-wrap elementor-element-populated\"><div class=\"elementor-widget-wrap\"><div class=\"elementor-element elementor-element-63d4130 elementor-widget elementor-widget-text-editor\" data-id=\"63d4130\" data-element_type=\"widget\" data-widget_type=\"text-editor.default\"><div class=\"elementor-widget-container\"><div class=\"elementor-text-editor elementor-clearfix\"><div>Hey:) Ich bin Lana, 20 Jahre alt aus Deutschland.<\/div><div>\u00a0<\/div><div>An meinem Alter kannst du wahrscheinlich schon erkennen, dass ich nicht allzu viel Erfahrung in Sachen BDSM habe. Ich hatte bis jetzt auch nur mit einem Mann Sex. Das war zwar definitiv nicht Vanilla, aber auch nicht genug BDSM f\u00fcr mich. Sexuell liebe ich es, mich meinem Partner v\u00f6llig zu unterwerfen und sein pers\u00f6nliches Spielzeug zu sein. Wenn du jedoch auf wirklich 100 Prozent unterw\u00fcrfige und gehorsame Frauen stehst, muss ich dir leider sagen, dass ich nicht die Richtige f\u00fcr dich bin (vor allem auch au\u00dferhalb des Schlafzimmers).<\/div><p>Die meiste Zeit m\u00f6chte ich nur gehorchen und die perfekte Frau f\u00fcr meinen Partner sein, aber zu anderen Zeiten liebe ich es, eine kleine &#8220;G\u00f6re&#8221; zu sein, danach bestraft zu werden und in die Unterwerfung &#8220;gezwungen&#8221; zu werden. Es ist ein gro\u00dfer Turn on f\u00fcr mich. Aus Erfahrung kann ich sagen, dass ich mit dem richtigen dominanten Partner, ziemlich schnell den sub space erreiche und diesen auch vollends genie\u00dfe. Wie schon erw\u00e4hnt bin ich sehr unterw\u00fcrfig im Bett und au\u00dferhalb -im Alltag- deutlich weniger unterw\u00fcrfig. \ud83d\ude42<\/p><p>Ich liebe es meinem Meister seine sexuellen W\u00fcnsche zu erf\u00fcllen- nichts gibt mir mehr Befriedigung. Wenn du mich auch belohnst und lobst, werde ich mein Bestes versuchen, ein gutes M\u00e4dchen f\u00fcr dich zu sein- meistens jedenfalls \ud83d\ude09<br \/><br \/>Um dir genauer zu sagen, was mich anmacht und wie unterw\u00fcrfig ich bin, dachte ich, es w\u00e4re am einfachsten, dir einfach meine Testergebnisse eines BDSM-Tests zu schicken:<br \/>100% Degradee<br \/>100% Masochist<br \/>100% Rope bunny<br \/>100% Submissive<br \/>97% Brat<br \/>74% Slave<br \/>67% Voyeur<br \/>62% Primal (Prey)<br \/>62% Experimentalist<br \/>60% Pet\u00a0<\/p><p><br \/>Da ich Jurastudent bin, habe ich nicht allzu viel Zeit, aber wenn wir zusammenpassen, k\u00f6nnte ich zu dir kommen und au\u00dfer Mittwoch, Dienstag Morgen und Freitag Morgen kann ich individuell entscheiden, wie ich meine Zeit verbringe, d.h. ich k\u00f6nnte von Freitag Mittag bis Montag Abend oft zu dir kommen (m\u00fcsste aber manchmal lernen). Gemeinsame Urlaube klingen auch gut.<br \/><br \/>Wenn wir die meiste Zeit \u00fcber eine Fernbeziehung f\u00fchren w\u00fcrden, bin ich mir sicher, dass du &#8211; als mein Meister &#8211; Ideen hast, mich auch aus der Ferne zu dominieren.<br \/><br \/>Ich br\u00e4uchte nat\u00fcrlich absolute Diskretion und w\u00fcrde es vorziehen, nicht in einer 24\/7 Sklaven\/Meister Beziehung zu sein.<br \/><br \/>Abgesehen von meinen sexuellen Vorlieben, die du jetzt kennst, bin ich eine temperamentvolle Person, die sehr einf\u00fchlsam ist und mit der es Spa\u00df macht, Sachen zusammen zu machen. Ich liebe es, mich um Menschen zu k\u00fcmmern und\u00a0 k\u00f6rperlicher Kontakt wie Kuscheln macht mich sehr gl\u00fccklich.<br \/><br \/>Ich interessiere mich f\u00fcr Kunst, Musik, Wissenschaft (besonders Psychologie und Biologie) und Sprachen. Ich spreche flie\u00dfend Englisch und Deutsch, ein bisschen Chinesisch und verstehe ein bisschen Franz\u00f6sisch und Polnisch. Ich liebe es, Filme zu sehen und zu lesen und auf Konzerte und in Museen zu gehen.<br \/><br \/>Au\u00dferdem k\u00fcmmere ich mich gut um meinen K\u00f6rper und trainiere 3 bis 5 Mal pro Woche im Fitnessstudio. Wandern, Skifahren und Tauchen sind Dinge, die ich auch gerne mache oder gerne machen w\u00fcrde.<br \/><br \/>Also lass uns deine und meine Fantasie wahr werden lassen \ud83d\ude42<br \/><br \/>Deine<br \/><br \/>Lana<\/p><\/div><\/div><\/div><\/div><\/div><\/div><\/div><\/div><\/section>\t\t\t\t\t\t\t\t<\/div>\n\t\t\t\t<\/div>\n\t\t\t\t\t<\/div>\n\t\t<\/div>\n\t\t\t\t\t<\/div>\n\t\t<\/section>\n\t\t\t\t<section class=\"elementor-section elementor-top-section elementor-element elementor-element-758e71ab elementor-section-boxed elementor-section-height-default elementor-section-height-default\" data-id=\"758e71ab\" data-element_type=\"section\" data-e-type=\"section\">\n\t\t\t\t\t\t<div class=\"elementor-container elementor-column-gap-default\">\n\t\t\t\t\t<div class=\"elementor-column elementor-col-100 elementor-top-column elementor-element elementor-element-7c402688\" data-id=\"7c402688\" data-element_type=\"column\" data-e-type=\"column\">\n\t\t\t<div class=\"elementor-widget-wrap elementor-element-populated\">\n\t\t\t\t\t\t<div class=\"elementor-element elementor-element-259a985f elementor-widget elementor-widget-spacer\" data-id=\"259a985f\" data-element_type=\"widget\" data-e-type=\"widget\" data-widget_type=\"spacer.default\">\n\t\t\t\t<div class=\"elementor-widget-container\">\n\t\t\t\t\t\t\t<div class=\"elementor-spacer\">\n\t\t\t<div class=\"elementor-spacer-inner\"><\/div>\n\t\t<\/div>\n\t\t\t\t\t\t<\/div>\n\t\t\t\t<\/div>\n\t\t\t\t\t<\/div>\n\t\t<\/div>\n\t\t\t\t\t<\/div>\n\t\t<\/section>\n\t\t\t\t<section class=\"elementor-section elementor-top-section elementor-element elementor-element-36fca424 elementor-section-boxed elementor-section-height-default elementor-section-height-default\" data-id=\"36fca424\" data-element_type=\"section\" data-e-type=\"section\">\n\t\t\t\t\t\t<div class=\"elementor-container elementor-column-gap-default\">\n\t\t\t\t\t<div class=\"elementor-column elementor-col-100 elementor-top-column elementor-element elementor-element-1fc5d185\" data-id=\"1fc5d185\" data-element_type=\"column\" data-e-type=\"column\">\n\t\t\t<div class=\"elementor-widget-wrap elementor-element-populated\">\n\t\t\t\t\t\t<div class=\"elementor-element elementor-element-3af05e9d elementor-widget elementor-widget-image\" data-id=\"3af05e9d\" data-element_type=\"widget\" data-e-type=\"widget\" data-widget_type=\"image.default\">\n\t\t\t\t<div class=\"elementor-widget-container\">\n\t\t\t\t\t\t\t\t\t\t\t\t\t\t\t\t<a href=\"https:\/\/asianslave.biz\/e\/98sm498\/\">\n\t\t\t\t\t\t\t<img decoding=\"async\" width=\"90\" height=\"44\" src=\"https:\/\/asianslave.biz\/e\/wp-content\/uploads\/sites\/6\/2019\/06\/back-1.gif\" class=\"attachment-full size-full wp-image-803\" alt=\"\" \/>\t\t\t\t\t\t\t\t<\/a>\n\t\t\t\t\t\t\t\t\t\t\t\t\t\t\t<\/div>\n\t\t\t\t<\/div>\n\t\t\t\t\t<\/div>\n\t\t<\/div>\n\t\t\t\t\t<\/div>\n\t\t<\/section>\n\t\t\t\t<section class=\"elementor-section elementor-top-section elementor-element elementor-element-2e371d08 elementor-section-boxed elementor-section-height-default elementor-section-height-default\" data-id=\"2e371d08\" data-element_type=\"section\" data-e-type=\"section\">\n\t\t\t\t\t\t<div class=\"elementor-container elementor-column-gap-default\">\n\t\t\t\t\t<div class=\"elementor-column elementor-col-100 elementor-top-column elementor-element elementor-element-5acd0e30\" data-id=\"5acd0e30\" data-element_type=\"column\" data-e-type=\"column\">\n\t\t\t<div class=\"elementor-widget-wrap elementor-element-populated\">\n\t\t\t\t\t\t<div class=\"elementor-element elementor-element-315cd759 elementor-widget elementor-widget-spacer\" data-id=\"315cd759\" data-element_type=\"widget\" data-e-type=\"widget\" data-widget_type=\"spacer.default\">\n\t\t\t\t<div class=\"elementor-widget-container\">\n\t\t\t\t\t\t\t<div class=\"elementor-spacer\">\n\t\t\t<div class=\"elementor-spacer-inner\"><\/div>\n\t\t<\/div>\n\t\t\t\t\t\t<\/div>\n\t\t\t\t<\/div>\n\t\t\t\t\t<\/div>\n\t\t<\/div>\n\t\t\t\t\t<\/div>\n\t\t<\/section>\n\t\t\t\t<\/div>\n\t\t","protected":false},"excerpt":{"rendered":"<p>Hey:) Ich bin Lana, 20 Jahre alt aus Deutschland.&nbsp;An meinem Alter kannst du wahrscheinlich schon erkennen, dass ich nicht allzu viel Erfahrung in Sachen BDSM habe. Ich hatte bis jetzt auch nur mit einem Mann Sex. Das war zwar definitiv nicht Vanilla,<\/p>\n<p class=\"link-more\"><a class=\"myButt three\" href=\"https:\/\/asianslave.biz\/e\/sm498-resume-german\/\">Read More<\/a><\/p>\n","protected":false},"author":1,"featured_media":0,"parent":0,"menu_order":0,"comment_status":"closed","ping_status":"closed","template":"","meta":{"footnotes":""},"class_list":["post-24091","page","type-page","status-publish","hentry"],"_links":{"self":[{"href":"https:\/\/asianslave.biz\/e\/wp-json\/wp\/v2\/pages\/24091","targetHints":{"allow":["GET"]}}],"collection":[{"href":"https:\/\/asianslave.biz\/e\/wp-json\/wp\/v2\/pages"}],"about":[{"href":"https:\/\/asianslave.biz\/e\/wp-json\/wp\/v2\/types\/page"}],"author":[{"embeddable":true,"href":"https:\/\/asianslave.biz\/e\/wp-json\/wp\/v2\/users\/1"}],"replies":[{"embeddable":true,"href":"https:\/\/asianslave.biz\/e\/wp-json\/wp\/v2\/comments?post=24091"}],"version-history":[{"count":14,"href":"https:\/\/asianslave.biz\/e\/wp-json\/wp\/v2\/pages\/24091\/revisions"}],"predecessor-version":[{"id":24428,"href":"https:\/\/asianslave.biz\/e\/wp-json\/wp\/v2\/pages\/24091\/revisions\/24428"}],"wp:attachment":[{"href":"https:\/\/asianslave.biz\/e\/wp-json\/wp\/v2\/media?parent=24091"}],"curies":[{"name":"wp","href":"https:\/\/api.w.org\/{rel}","templated":true}]}}